{"id":23612,"date":"2024-01-04T14:07:51","date_gmt":"2024-01-04T13:07:51","guid":{"rendered":"https:\/\/www.web-systems.pl\/audyty-seo\/"},"modified":"2024-03-19T11:14:31","modified_gmt":"2024-03-19T10:14:31","slug":"seo-audits","status":"publish","type":"page","link":"https:\/\/www.web-systems.pl\/de\/seo-audits\/","title":{"rendered":"SEO-Audits"},"content":{"rendered":"\t\t<div data-elementor-type=\"wp-page\" data-elementor-id=\"23612\" class=\"elementor elementor-23612 elementor-21882\" data-elementor-post-type=\"page\">\n\t\t\t\t<div class=\"elementor-element elementor-element-2e733890 e-con-full page-title-section e-flex e-con e-parent\" data-id=\"2e733890\" data-element_type=\"container\" data-e-type=\"container\" data-settings=\"{&quot;background_background&quot;:&quot;classic&quot;}\">\n\t\t<div class=\"elementor-element elementor-element-3f0142e7 e-flex e-con-boxed e-con e-child\" data-id=\"3f0142e7\" data-element_type=\"container\" data-e-type=\"container\">\n\t\t\t\t\t<div class=\"e-con-inner\">\n\t\t\t\t<div class=\"elementor-element elementor-element-52a03238 elementor-widget elementor-widget-breadcrumbs\" data-id=\"52a03238\" data-element_type=\"widget\" data-e-type=\"widget\" data-widget_type=\"breadcrumbs.default\">\n\t\t\t\t<div class=\"elementor-widget-container\">\n\t\t\t\t\t<nav><span class=\"last\">Startseite<\/span><\/nav>\t\t\t\t<\/div>\n\t\t\t\t<\/div>\n\t\t\t\t\t<\/div>\n\t\t\t\t<\/div>\n\t\t\t\t<\/div>\n\t\t<div class=\"elementor-element elementor-element-1de40f9 e-flex e-con-boxed elementor-invisible e-con e-parent\" data-id=\"1de40f9\" data-element_type=\"container\" data-e-type=\"container\" data-settings=\"{&quot;background_background&quot;:&quot;classic&quot;,&quot;animation&quot;:&quot;fadeInUp&quot;,&quot;animation_delay&quot;:200}\">\n\t\t\t\t\t<div class=\"e-con-inner\">\n\t\t\t\t<div class=\"elementor-element elementor-element-10d2716 elementor-widget elementor-widget-text-editor\" data-id=\"10d2716\" data-element_type=\"widget\" data-e-type=\"widget\" data-widget_type=\"text-editor.default\">\n\t\t\t\t<div class=\"elementor-widget-container\">\n\t\t\t\t\t\t\t\t\t<p>Effektive Methode zur Verbesserung der Position Ihrer Website in Suchmaschinen<\/p>\t\t\t\t\t\t\t\t<\/div>\n\t\t\t\t<\/div>\n\t\t\t\t\t<\/div>\n\t\t\t\t<\/div>\n\t\t<div class=\"elementor-element elementor-element-35f6884 e-flex e-con-boxed e-con e-parent\" data-id=\"35f6884\" data-element_type=\"container\" data-e-type=\"container\">\n\t\t\t\t\t<div class=\"e-con-inner\">\n\t\t<div class=\"elementor-element elementor-element-86cc0d5 e-con-full e-flex elementor-invisible e-con e-child\" data-id=\"86cc0d5\" data-element_type=\"container\" data-e-type=\"container\" data-settings=\"{&quot;animation&quot;:&quot;fadeInUp&quot;,&quot;animation_delay&quot;:200}\">\n\t\t\t\t<div class=\"elementor-element elementor-element-f9279a0 elementor-widget elementor-widget-text-editor\" data-id=\"f9279a0\" data-element_type=\"widget\" data-e-type=\"widget\" data-widget_type=\"text-editor.default\">\n\t\t\t\t<div class=\"elementor-widget-container\">\n\t\t\t\t\t\t\t\t\t<h3>Was ist ein SEO-Audit einer Website?<\/h3><p>Ein SEO-Audit ist ein Prozess, der die \u00dcberpr\u00fcfung der internen und externen Optimierung einer Website oder eines Online-Shops beinhaltet.<\/p><p>Das Audit besteht aus zwei Teilen &#8211; dem Onsite- und dem Offsite-Audit. Ziel des Onsite-Audits ist es, den Code und die Inhalte zu \u00fcberpr\u00fcfen und zu optimieren. Ziel des Offsite-Audits ist es, potenziell sch\u00e4dliche eingehende Links zu finden, die zu einem R\u00fcckgang der Sichtbarkeit der Website f\u00fchren k\u00f6nnen.<\/p><p>Das Audit endet mit der Erstellung eines Dokuments in Form eines Berichts. Es enth\u00e4lt alle Optimierungsfehler der Website oder des Online-Shops sowie Informationen \u00fcber eingehende Links, zusammen mit Vorschl\u00e4gen f\u00fcr Ma\u00dfnahmen, die die Sichtbarkeit der Website in den nat\u00fcrlichen Suchergebnissen verbessern und den Traffic auf der Website erh\u00f6hen werden.<\/p><h3>Sie m\u00fcssen sich keine Sorgen um Tools, Proxy-Server und Zeit machen!<\/h3><ul><li>Sie sparen bei Tools wie AHREFS, Majestic, Clusteric, Semrush&#8230;<\/li><li>Sie k\u00f6nnen Ihre bisherigen SEO-Ma\u00dfnahmen und deren Auswirkungen einfach und schnell analysieren<\/li><li>Sie verstehen, was Sie lesen &#8211; wir schreiben ohne technische Sprache<\/li><li>Sie erhalten einen klaren Bericht mit Empfehlungen und Vorschl\u00e4gen f\u00fcr weitere Ma\u00dfnahmen<\/li><\/ul>\t\t\t\t\t\t\t\t<\/div>\n\t\t\t\t<\/div>\n\t\t\t\t<\/div>\n\t\t<div class=\"elementor-element elementor-element-96cb924 e-con-full e-flex elementor-invisible e-con e-child\" data-id=\"96cb924\" data-element_type=\"container\" data-e-type=\"container\" data-settings=\"{&quot;animation&quot;:&quot;fadeInUp&quot;,&quot;animation_delay&quot;:400}\">\n\t\t\t\t<div class=\"elementor-element elementor-element-0fb2c56 elementor-widget elementor-widget-shortcode\" data-id=\"0fb2c56\" data-element_type=\"widget\" data-e-type=\"widget\" data-widget_type=\"shortcode.default\">\n\t\t\t\t<div class=\"elementor-widget-container\">\n\t\t\t\t\t\t\t<div class=\"elementor-shortcode\">\n<div class=\"wpcf7 no-js\" id=\"wpcf7-f24546-o1\" lang=\"de-DE\" dir=\"ltr\" data-wpcf7-id=\"24546\">\n<div class=\"screen-reader-response\"><p role=\"status\" aria-live=\"polite\" aria-atomic=\"true\"><\/p> <ul><\/ul><\/div>\n<form action=\"\/de\/wp-json\/wp\/v2\/pages\/23612#wpcf7-f24546-o1\" method=\"post\" class=\"wpcf7-form init\" aria-label=\"Kontaktformular\" novalidate=\"novalidate\" data-status=\"init\">\n<fieldset class=\"hidden-fields-container\"><input type=\"hidden\" name=\"_wpcf7\" value=\"24546\" \/><input type=\"hidden\" name=\"_wpcf7_version\" value=\"6.1.5\" \/><input type=\"hidden\" name=\"_wpcf7_locale\" value=\"de_DE\" \/><input type=\"hidden\" name=\"_wpcf7_unit_tag\" value=\"wpcf7-f24546-o1\" \/><input type=\"hidden\" name=\"_wpcf7_container_post\" value=\"0\" \/><input type=\"hidden\" name=\"_wpcf7_posted_data_hash\" value=\"\" \/><input type=\"hidden\" name=\"_wpcf7_recaptcha_response\" value=\"\" \/>\n<\/fieldset>\n<div class=\"quform\">\n\t<div class=\"quform-elements\">\n\t\t<div class=\"row\">\n\t\t\t<div class=\"col-md-12\">\n\t\t\t\t<div class=\"quform-element form-group\">\n\t\t\t\t\t<div class=\"quform-input\">\n\t\t\t\t\t\t<p><span class=\"wpcf7-form-control-wrap\" data-name=\"your-name\"><input size=\"40\" maxlength=\"400\" class=\"wpcf7-form-control wpcf7-text form-control\" aria-invalid=\"false\" placeholder=\"Name\" value=\"\" type=\"text\" name=\"your-name\" \/><\/span>\n\t\t\t\t\t\t<\/p>\n\t\t\t\t\t<\/div>\n\t\t\t\t<\/div>\n\t\t\t<\/div>\n\t\t\t<div class=\"col-md-12\">\n\t\t\t\t<div class=\"quform-element form-group\">\n\t\t\t\t\t<div class=\"quform-input\">\n\t\t\t\t\t\t<p><span class=\"wpcf7-form-control-wrap\" data-name=\"your-email\"><input size=\"40\" maxlength=\"400\" class=\"wpcf7-form-control wpcf7-email wpcf7-validates-as-required wpcf7-text wpcf7-validates-as-email form-control\" aria-required=\"true\" aria-invalid=\"false\" placeholder=\"E-Mail-Adresse\" value=\"\" type=\"email\" name=\"your-email\" \/><\/span>\n\t\t\t\t\t\t<\/p>\n\t\t\t\t\t<\/div>\n\t\t\t\t<\/div>\n\t\t\t<\/div>\n\t\t\t<div class=\"col-md-12\">\n\t\t\t\t<div class=\"quform-element form-group\">\n\t\t\t\t\t<div class=\"quform-input\">\n\t\t\t\t\t\t<p><span class=\"wpcf7-form-control-wrap\" data-name=\"your-www\"><input size=\"40\" maxlength=\"400\" class=\"wpcf7-form-control wpcf7-text form-control\" aria-invalid=\"false\" placeholder=\"Webseite\" value=\"\" type=\"text\" name=\"your-www\" \/><\/span>\n\t\t\t\t\t\t<\/p>\n\t\t\t\t\t<\/div>\n\t\t\t\t<\/div>\n\t\t\t<\/div>\n\t\t\t<div class=\"col-md-12\">\n\t\t\t\t<div class=\"quform-element form-group\">\n\t\t\t\t\t<div class=\"quform-input\">\n\t\t\t\t\t\t<p><span class=\"wpcf7-form-control-wrap\" data-name=\"your-phone\"><input class=\"wpcf7-form-control wpcf7-number wpcf7-validates-as-number form-control\" aria-invalid=\"false\" placeholder=\"Telefon\" value=\"\" type=\"number\" name=\"your-phone\" \/><\/span>\n\t\t\t\t\t\t<\/p>\n\t\t\t\t\t<\/div>\n\t\t\t\t<\/div>\n\t\t\t<\/div>\n\t\t\t<div class=\"col-md-12\">\n\t\t\t\t<div class=\"quform-element form-group\">\n\t\t\t\t\t<div class=\"quform-input\">\n\t\t\t\t\t\t<p><span class=\"wpcf7-form-control-wrap\" data-name=\"your-message\"><textarea cols=\"40\" rows=\"5\" maxlength=\"2000\" class=\"wpcf7-form-control wpcf7-textarea form-control\" aria-invalid=\"false\" placeholder=\"Zus\u00e4tzliche Informationen\" name=\"your-message\"><\/textarea><\/span>\n\t\t\t\t\t\t<\/p>\n\t\t\t\t\t<\/div>\n\t\t\t\t<\/div>\n\t\t\t<\/div>\n\t\t\t<div class=\"col-md-12\">\n\t\t\t\t<p><span class=\"wpcf7-form-control-wrap\" data-name=\"acceptance-585\"><span class=\"wpcf7-form-control wpcf7-acceptance optional\"><span class=\"wpcf7-list-item\"><label><input type=\"checkbox\" name=\"acceptance-585\" value=\"1\" aria-invalid=\"false\" \/><span class=\"wpcf7-list-item-label\">Ich gebe mein Einverst\u00e4ndnis zur Verarbeitung meiner pers\u00f6nlichen Daten gem\u00e4\u00df dem Datenschutzgesetz zum Zwecke der Anfragebearbeitung. Die Angabe personenbezogener Daten ist freiwillig. Mir wurde mitgeteilt, dass ich das Recht habe, auf meine Daten zuzugreifen, sie zu berichtigen und ihre Verarbeitung einzustellen. Der Administrator der personenbezogenen Daten ist Web Systems, Bursztynowa 4, 95-020 Jan\u00f3wka.<\/span><\/label><\/span><\/span><\/span>\n\t\t\t\t<\/p>\n\t\t\t\t<div class=\"quform-submit-inner\">\n\t\t\t\t\t<p><input class=\"wpcf7-form-control wpcf7-submit has-spinner\" type=\"submit\" value=\"Nachricht senden\" \/>\n\t\t\t\t\t<\/p>\n\t\t\t\t<\/div>\n\t\t\t<\/div>\n\t\t<\/div>\n\t<\/div>\n<\/div><div class=\"wpcf7-response-output\" aria-hidden=\"true\"><\/div>\n<\/form>\n<\/div>\n<\/div>\n\t\t\t\t\t\t<\/div>\n\t\t\t\t<\/div>\n\t\t\t\t<\/div>\n\t\t\t\t\t<\/div>\n\t\t\t\t<\/div>\n\t\t\t\t<\/div>\n\t\t","protected":false},"excerpt":{"rendered":"<p>Effektive Methode zur Verbesserung der Position Ihrer Website in Suchmaschinen Was ist ein SEO-Audit einer Website? Ein SEO-Audit ist ein Prozess, der die \u00dcberpr\u00fcfung der internen und externen Optimierung einer Website oder eines Online-Shops beinhaltet. Das Audit besteht aus zwei Teilen &#8211; dem Onsite- und dem Offsite-Audit. Ziel des Onsite-Audits ist es, den Code und [&hellip;]<\/p>\n","protected":false},"author":1,"featured_media":23614,"parent":0,"menu_order":0,"comment_status":"closed","ping_status":"closed","template":"elementor_header_footer","meta":{"_acf_changed":false,"footnotes":""},"class_list":["post-23612","page","type-page","status-publish","has-post-thumbnail","hentry"],"acf":[],"_links":{"self":[{"href":"https:\/\/www.web-systems.pl\/de\/wp-json\/wp\/v2\/pages\/23612","targetHints":{"allow":["GET"]}}],"collection":[{"href":"https:\/\/www.web-systems.pl\/de\/wp-json\/wp\/v2\/pages"}],"about":[{"href":"https:\/\/www.web-systems.pl\/de\/wp-json\/wp\/v2\/types\/page"}],"author":[{"embeddable":true,"href":"https:\/\/www.web-systems.pl\/de\/wp-json\/wp\/v2\/users\/1"}],"replies":[{"embeddable":true,"href":"https:\/\/www.web-systems.pl\/de\/wp-json\/wp\/v2\/comments?post=23612"}],"version-history":[{"count":2,"href":"https:\/\/www.web-systems.pl\/de\/wp-json\/wp\/v2\/pages\/23612\/revisions"}],"predecessor-version":[{"id":23760,"href":"https:\/\/www.web-systems.pl\/de\/wp-json\/wp\/v2\/pages\/23612\/revisions\/23760"}],"wp:featuredmedia":[{"embeddable":true,"href":"https:\/\/www.web-systems.pl\/de\/wp-json\/wp\/v2\/media\/23614"}],"wp:attachment":[{"href":"https:\/\/www.web-systems.pl\/de\/wp-json\/wp\/v2\/media?parent=23612"}],"curies":[{"name":"wp","href":"https:\/\/api.w.org\/{rel}","templated":true}]}}