{"id":23618,"date":"2024-01-04T13:04:54","date_gmt":"2024-01-04T12:04:54","guid":{"rendered":"https:\/\/www.web-systems.pl\/dlaczego-my\/"},"modified":"2024-03-19T11:14:32","modified_gmt":"2024-03-19T10:14:32","slug":"warum-wir","status":"publish","type":"page","link":"https:\/\/www.web-systems.pl\/de\/warum-wir\/","title":{"rendered":"Warum wir"},"content":{"rendered":"\t\t<div data-elementor-type=\"wp-page\" data-elementor-id=\"23618\" class=\"elementor elementor-23618 elementor-21835\" data-elementor-post-type=\"page\">\n\t\t\t\t<div class=\"elementor-element elementor-element-5515274c e-con-full page-title-section e-flex e-con e-parent\" data-id=\"5515274c\" data-element_type=\"container\" data-e-type=\"container\" data-settings=\"{&quot;background_background&quot;:&quot;classic&quot;}\">\n\t\t<div class=\"elementor-element elementor-element-1e7be6de e-flex e-con-boxed e-con e-child\" data-id=\"1e7be6de\" data-element_type=\"container\" data-e-type=\"container\">\n\t\t\t\t\t<div class=\"e-con-inner\">\n\t\t\t\t<div class=\"elementor-element elementor-element-5d7c9850 elementor-widget elementor-widget-breadcrumbs\" data-id=\"5d7c9850\" data-element_type=\"widget\" data-e-type=\"widget\" data-widget_type=\"breadcrumbs.default\">\n\t\t\t\t<div class=\"elementor-widget-container\">\n\t\t\t\t\t<nav><span class=\"last\">Startseite<\/span><\/nav>\t\t\t\t<\/div>\n\t\t\t\t<\/div>\n\t\t\t\t<div class=\"elementor-element elementor-element-d20fa68 elementor-widget elementor-widget-heading\" data-id=\"d20fa68\" data-element_type=\"widget\" data-e-type=\"widget\" data-widget_type=\"heading.default\">\n\t\t\t\t<div class=\"elementor-widget-container\">\n\t\t\t\t\t<span class=\"elementor-heading-title elementor-size-default\">Die interaktive Agentur Web Systems begann ihre T\u00e4tigkeit im Jahr 2006 und seitdem arbeiten wir mit Unternehmen und Privatpersonen aus der ganzen Welt zusammen, indem wir Shops, Websites, Anwendungen erstellen und Online-Werbekampagnen durchf\u00fchren.\n\n<\/span>\t\t\t\t<\/div>\n\t\t\t\t<\/div>\n\t\t\t\t\t<\/div>\n\t\t\t\t<\/div>\n\t\t\t\t<\/div>\n\t\t<div class=\"elementor-element elementor-element-9f22518 e-con-full e-flex e-con e-parent\" data-id=\"9f22518\" data-element_type=\"container\" data-e-type=\"container\">\n\t\t<div class=\"elementor-element elementor-element-25ba027 bg-dark e-flex e-con-boxed e-con e-child\" data-id=\"25ba027\" data-element_type=\"container\" data-e-type=\"container\">\n\t\t\t\t\t<div class=\"e-con-inner\">\n\t\t\t\t<div class=\"elementor-element elementor-element-fe70f43 elementor-widget elementor-widget-heading\" data-id=\"fe70f43\" data-element_type=\"widget\" data-e-type=\"widget\" data-widget_type=\"heading.default\">\n\t\t\t\t<div class=\"elementor-widget-container\">\n\t\t\t\t\t<span class=\"elementor-heading-title elementor-size-default\">Unser Team besteht aus den besten Grafikern (mit F\u00e4higkeiten in Figma und Photoshop) und erfahrenen Entwicklern mit langj\u00e4hriger Erfahrung, die sich auf Sprachen wie JS, PHP, MySQL und Ajax spezialisiert haben.<\/span>\t\t\t\t<\/div>\n\t\t\t\t<\/div>\n\t\t\t\t<div class=\"elementor-element elementor-element-53ad33c elementor-widget__width-auto elementor-absolute ani-move elementor-widget elementor-widget-text-editor\" data-id=\"53ad33c\" data-element_type=\"widget\" data-e-type=\"widget\" data-settings=\"{&quot;_position&quot;:&quot;absolute&quot;}\" data-widget_type=\"text-editor.default\">\n\t\t\t\t<div class=\"elementor-widget-container\">\n\t\t\t\t\t\t\t\t\t<div class=\"d-inline-block p-2 bg-primary rounded-circle d-md-block d-none\"><\/div>\t\t\t\t\t\t\t\t<\/div>\n\t\t\t\t<\/div>\n\t\t\t\t\t<\/div>\n\t\t\t\t<\/div>\n\t\t\t\t<\/div>\n\t\t<div class=\"elementor-element elementor-element-031d13d e-flex e-con-boxed e-con e-parent\" data-id=\"031d13d\" data-element_type=\"container\" data-e-type=\"container\">\n\t\t\t\t\t<div class=\"e-con-inner\">\n\t\t<div class=\"elementor-element elementor-element-4faa0f5 e-con-full e-flex e-con e-child\" data-id=\"4faa0f5\" data-element_type=\"container\" data-e-type=\"container\">\n\t\t\t\t<div class=\"elementor-element elementor-element-f9f65cc elementor-widget elementor-widget-heading\" data-id=\"f9f65cc\" data-element_type=\"widget\" data-e-type=\"widget\" data-widget_type=\"heading.default\">\n\t\t\t\t<div class=\"elementor-widget-container\">\n\t\t\t\t\t<p class=\"elementor-heading-title elementor-size-default\">Unsere Abenteuer im Internet begannen bereits in den 90er Jahren und seitdem befassen wir uns kontinuierlich mit der Erstellung von Websites, ihrer Optimierung in Bezug auf Benutzerfreundlichkeit sowohl f\u00fcr Internetnutzer als auch f\u00fcr Suchmaschinenroboter. Gleichzeitig bieten wir viele erg\u00e4nzende Dienstleistungen an, wie z.B. Webhosting oder die Erstellung von Anwendungen (sowohl serverseitig als auch f\u00fcr Desktop-Computer), die auf die individuellen Bed\u00fcrfnisse des Kunden zugeschnitten sind. Viele Jahre des Wissenserwerbs und das Sammeln von Erfahrungen im Bereich Websites und Internet-Marketing im Allgemeinen haben es uns erm\u00f6glicht, eine f\u00fchrende Position in der Online-Werbung einzunehmen.<\/p>\t\t\t\t<\/div>\n\t\t\t\t<\/div>\n\t\t\t\t<\/div>\n\t\t<div class=\"elementor-element elementor-element-23371ad e-con-full e-flex e-con e-child\" data-id=\"23371ad\" data-element_type=\"container\" data-e-type=\"container\">\n\t\t\t\t<div class=\"elementor-element elementor-element-0ed0e41 elementor-widget elementor-widget-heading\" data-id=\"0ed0e41\" data-element_type=\"widget\" data-e-type=\"widget\" data-widget_type=\"heading.default\">\n\t\t\t\t<div class=\"elementor-widget-container\">\n\t\t\t\t\t<p class=\"elementor-heading-title elementor-size-default\">Seit Beginn unserer T\u00e4tigkeit haben wir viele Websites erstellt und f\u00fcr hunderte von Schl\u00fcsselw\u00f6rtern positioniert. Dadurch, dass wir in vielen verschiedenen Branchen Werbung betrieben haben, haben wir die erforderliche Erfahrung gesammelt, um die Wettbewerbsf\u00e4higkeit von Schl\u00fcsselw\u00f6rtern richtig zu bewerten und ihren optimalen Auswahl f\u00fcr Ihre Website zu beraten, um den Nutzen aus der Werbung zu maximieren, denn nur die Kombination aus Website-Optimierung, richtiger Auswahl von Schl\u00fcsselw\u00f6rtern und Inhalten sowie das Erhalten von wertvollen Links f\u00fcr die positionierte Seite ist die Garantie f\u00fcr Erfolg<\/p>\t\t\t\t<\/div>\n\t\t\t\t<\/div>\n\t\t\t\t<\/div>\n\t\t\t\t\t<\/div>\n\t\t\t\t<\/div>\n\t\t<div class=\"elementor-element elementor-element-2922697 info-style-01 e-flex e-con-boxed e-con e-parent\" data-id=\"2922697\" data-element_type=\"container\" data-e-type=\"container\">\n\t\t\t\t\t<div class=\"e-con-inner\">\n\t\t<div class=\"elementor-element elementor-element-3b9b126 e-con-full e-flex e-con e-child\" data-id=\"3b9b126\" data-element_type=\"container\" data-e-type=\"container\">\n\t\t\t\t<div class=\"elementor-element elementor-element-dd1ae59 elementor-align-left elementor-widget elementor-widget-wl-features-box-v3\" data-id=\"dd1ae59\" data-element_type=\"widget\" data-e-type=\"widget\" data-widget_type=\"wl-features-box-v3.default\">\n\t\t\t\t<div class=\"elementor-widget-container\">\n\t\t\t\t\t\r\n        <div class=\"row g-lg-2 g-xl-4 mb-3 mb-md-4\">\r\n\r\n        \t\r\n\t            <div class=\"col-lg-4 mb-1-9 mb-md-2-2 mb-lg-0\">\r\n\t                <div class=\"media info-wrapper transition-move mt-2 mt-lg-0\">\r\n\t                    <div class=\"align-self-center\">\r\n\t                    \t\t                        \t<img decoding=\"async\" src=\"https:\/\/www.web-systems.pl\/wp-content\/uploads\/2024\/01\/sand-clock.webp\" alt=\"Feature Image\" class=\"w-50px\">\r\n\t                        \t                    <\/div>\r\n\t                    <div class=\"media-body borders-start border-color-extra-light-gray ps-4 ms-4\">\r\n\t                    \t\t                        \t<h4 class=\"h5\">17+<\/h4>\r\n\t                        \r\n\t                        \t                        \t<p class=\"mb-0\">Jahre Erfahrung<\/p>\r\n\t                        \t                    <\/div>\r\n\t                <\/div>\r\n\t            <\/div>\r\n\r\n            \r\n\t            <div class=\"col-lg-4 mb-1-9 mb-md-2-2 mb-lg-0\">\r\n\t                <div class=\"media info-wrapper transition-move mt-2 mt-lg-0\">\r\n\t                    <div class=\"align-self-center\">\r\n\t                    \t\t                        \t<img decoding=\"async\" src=\"https:\/\/www.web-systems.pl\/wp-content\/uploads\/2024\/01\/bar-chart.webp\" alt=\"Feature Image\" class=\"w-50px\">\r\n\t                        \t                    <\/div>\r\n\t                    <div class=\"media-body borders-start border-color-extra-light-gray ps-4 ms-4\">\r\n\t                    \t\t                        \t<h4 class=\"h5\">150+<\/h4>\r\n\t                        \r\n\t                        \t                        \t<p class=\"mb-0\">Zufriedene Kunden<\/p>\r\n\t                        \t                    <\/div>\r\n\t                <\/div>\r\n\t            <\/div>\r\n\r\n            \r\n\t            <div class=\"col-lg-4 mb-1-9 mb-md-2-2 mb-lg-0\">\r\n\t                <div class=\"media info-wrapper transition-move mt-2 mt-lg-0\">\r\n\t                    <div class=\"align-self-center\">\r\n\t                    \t\t                        \t<img decoding=\"async\" src=\"https:\/\/www.web-systems.pl\/wp-content\/uploads\/2024\/01\/envelope.webp\" alt=\"Feature Image\" class=\"w-50px\">\r\n\t                        \t                    <\/div>\r\n\t                    <div class=\"media-body borders-start border-color-extra-light-gray ps-4 ms-4\">\r\n\t                    \t\t                        \t<h4 class=\"h5\">300+<\/h4>\r\n\t                        \r\n\t                        \t                        \t<p class=\"mb-0\">E-Mail-Kampagnen<\/p>\r\n\t                        \t                    <\/div>\r\n\t                <\/div>\r\n\t            <\/div>\r\n\r\n            \r\n\t            <div class=\"col-lg-4 mb-1-9 mb-md-2-2 mb-lg-0\">\r\n\t                <div class=\"media info-wrapper transition-move mt-2 mt-lg-0\">\r\n\t                    <div class=\"align-self-center\">\r\n\t                    \t\t                        \t<img decoding=\"async\" src=\"https:\/\/www.web-systems.pl\/wp-content\/uploads\/2024\/01\/throphy.webp\" alt=\"Feature Image\" class=\"w-50px\">\r\n\t                        \t                    <\/div>\r\n\t                    <div class=\"media-body borders-start border-color-extra-light-gray ps-4 ms-4\">\r\n\t                    \t\t                        \t<h4 class=\"h5\">200+<\/h4>\r\n\t                        \r\n\t                        \t                        \t<p class=\"mb-0\">Phrasen in Top 10<\/p>\r\n\t                        \t                    <\/div>\r\n\t                <\/div>\r\n\t            <\/div>\r\n\r\n            \r\n\t            <div class=\"col-lg-4 mb-1-9 mb-md-2-2 mb-lg-0\">\r\n\t                <div class=\"media info-wrapper transition-move mt-2 mt-lg-0\">\r\n\t                    <div class=\"align-self-center\">\r\n\t                    \t\t                        \t<img decoding=\"async\" src=\"https:\/\/www.web-systems.pl\/wp-content\/uploads\/2024\/01\/man.webp\" alt=\"Feature Image\" class=\"w-50px\">\r\n\t                        \t                    <\/div>\r\n\t                    <div class=\"media-body borders-start border-color-extra-light-gray ps-4 ms-4\">\r\n\t                    \t\t                        \t<h4 class=\"h5\">5<\/h4>\r\n\t                        \r\n\t                        \t                        \t<p class=\"mb-0\">Teammitglieder<\/p>\r\n\t                        \t                    <\/div>\r\n\t                <\/div>\r\n\t            <\/div>\r\n\r\n            \r\n\t            <div class=\"col-lg-4\">\r\n\t                <div class=\"media info-wrapper transition-move mt-2 mt-lg-0\">\r\n\t                    <div class=\"align-self-center\">\r\n\t                    \t\t                        \t<img decoding=\"async\" src=\"https:\/\/www.web-systems.pl\/wp-content\/uploads\/2024\/01\/loupe.webp\" alt=\"Feature Image\" class=\"w-50px\">\r\n\t                        \t                    <\/div>\r\n\t                    <div class=\"media-body borders-start border-color-extra-light-gray ps-4 ms-4\">\r\n\t                    \t\t                        \t<h4 class=\"h5\">100+<\/h4>\r\n\t                        \r\n\t                        \t                        \t<p class=\"mb-0\">Audits<\/p>\r\n\t                        \t                    <\/div>\r\n\t                <\/div>\r\n\t            <\/div>\r\n\r\n            \r\n        <\/div>    \r\n\r\n\t\t\t\t\t<\/div>\n\t\t\t\t<\/div>\n\t\t\t\t<\/div>\n\t\t\t\t\t<\/div>\n\t\t\t\t<\/div>\n\t\t<div class=\"elementor-element elementor-element-e742450 e-con-full bg-dark e-flex e-con e-parent\" data-id=\"e742450\" data-element_type=\"container\" data-e-type=\"container\">\n\t\t<div class=\"elementor-element elementor-element-49c85d2 e-con-full e-flex e-con e-child\" data-id=\"49c85d2\" data-element_type=\"container\" data-e-type=\"container\">\n\t\t\t\t<div class=\"elementor-element elementor-element-0f74b14 elementor-widget__width-auto elementor-absolute mb-0 elementor-widget elementor-widget-text-editor\" data-id=\"0f74b14\" data-element_type=\"widget\" data-e-type=\"widget\" data-settings=\"{&quot;_position&quot;:&quot;absolute&quot;}\" data-widget_type=\"text-editor.default\">\n\t\t\t\t<div class=\"elementor-widget-container\">\n\t\t\t\t\t\t\t\t\t<div class=\"round-shape-one d-md-block d-none\"><\/div>\t\t\t\t\t\t\t\t<\/div>\n\t\t\t\t<\/div>\n\t\t<div class=\"elementor-element elementor-element-05ec5c8 e-con-full e-flex e-con e-child\" data-id=\"05ec5c8\" data-element_type=\"container\" data-e-type=\"container\">\n\t\t<div class=\"elementor-element elementor-element-4ec3ec8 e-con-full e-flex e-con e-child\" data-id=\"4ec3ec8\" data-element_type=\"container\" data-e-type=\"container\">\n\t\t\t\t<div class=\"elementor-element elementor-element-d3475d3 elementor-align-left elementor-widget elementor-widget-wl-counter-v3\" data-id=\"d3475d3\" data-element_type=\"widget\" data-e-type=\"widget\" data-widget_type=\"wl-counter-v3.default\">\n\t\t\t\t<div class=\"elementor-widget-container\">\n\t\t\t\t\t\r\n        <div class=\"row mt-n1-9\">\r\n\r\n        \t\r\n\t            <div class=\"col-sm-6 col-lg-3 mt-1-9\">\r\n\t                <div class=\"text-center\">\r\n\t                    \t\t                \t<h6 class=\"text-primary display-15 display-xl-10\"><span class=\"countup\">89<\/span>+<\/h6>\t\t                \r\n\t\t                \t                    \t<h3 class=\"mb-0 h5 text-white\">Kunden<\/h3>\r\n\t                    \t                <\/div>\r\n\t            <\/div>\r\n\r\n            \r\n\t            <div class=\"col-sm-6 col-lg-3 mt-1-9\">\r\n\t                <div class=\"text-center\">\r\n\t                    \t\t                \t<h6 class=\"text-primary display-15 display-xl-10\"><span class=\"countup\">25<\/span>+<\/h6>\t\t                \r\n\t\t                \t                    \t<h3 class=\"mb-0 h5 text-white\">AdWords-Kampagnen<\/h3>\r\n\t                    \t                <\/div>\r\n\t            <\/div>\r\n\r\n            \r\n\t            <div class=\"col-sm-6 col-lg-3 mt-1-9\">\r\n\t                <div class=\"text-center\">\r\n\t                    \t\t                \t<h6 class=\"text-primary display-15 display-xl-10\"><span class=\"countup\">43<\/span>+<\/h6>\t\t                \r\n\t\t                \t                    \t<h3 class=\"mb-0 h5 text-white\">Social Media-Kampagnen<\/h3>\r\n\t                    \t                <\/div>\r\n\t            <\/div>\r\n\r\n            \r\n\t            <div class=\"col-sm-6 col-lg-3 mt-1-9\">\r\n\t                <div class=\"text-center\">\r\n\t                    \t\t                \t<h6 class=\"text-primary display-15 display-xl-10\"><span class=\"countup\">1200<\/span>+<\/h6>\t\t                \r\n\t\t                \t                    \t<h3 class=\"mb-0 h5 text-white\">Tassen Kaffee<\/h3>\r\n\t                    \t                <\/div>\r\n\t            <\/div>\r\n\r\n            \r\n        <\/div>\r\n\r\n\t\t\t\t\t<\/div>\n\t\t\t\t<\/div>\n\t\t\t\t<\/div>\n\t\t\t\t<\/div>\n\t\t\t\t<div class=\"elementor-element elementor-element-6dfc8be elementor-widget__width-auto elementor-absolute mb-0 elementor-widget elementor-widget-text-editor\" data-id=\"6dfc8be\" data-element_type=\"widget\" data-e-type=\"widget\" data-settings=\"{&quot;_position&quot;:&quot;absolute&quot;}\" data-widget_type=\"text-editor.default\">\n\t\t\t\t<div class=\"elementor-widget-container\">\n\t\t\t\t\t\t\t\t\t<div class=\"round-shape-one d-md-block d-none\"><\/div>\t\t\t\t\t\t\t\t<\/div>\n\t\t\t\t<\/div>\n\t\t\t\t<\/div>\n\t\t\t\t<\/div>\n\t\t\t\t<\/div>\n\t\t","protected":false},"excerpt":{"rendered":"<p>Die interaktive Agentur Web Systems begann ihre T\u00e4tigkeit im Jahr 2006 und seitdem arbeiten wir mit Unternehmen und Privatpersonen aus der ganzen Welt zusammen, indem wir Shops, Websites, Anwendungen erstellen und Online-Werbekampagnen durchf\u00fchren. Unser Team besteht aus den besten Grafikern (mit F\u00e4higkeiten in Figma und Photoshop) und erfahrenen Entwicklern mit langj\u00e4hriger Erfahrung, die sich auf [&hellip;]<\/p>\n","protected":false},"author":1,"featured_media":23621,"parent":0,"menu_order":0,"comment_status":"closed","ping_status":"closed","template":"elementor_header_footer","meta":{"_acf_changed":false,"footnotes":""},"class_list":["post-23618","page","type-page","status-publish","has-post-thumbnail","hentry"],"acf":[],"_links":{"self":[{"href":"https:\/\/www.web-systems.pl\/de\/wp-json\/wp\/v2\/pages\/23618","targetHints":{"allow":["GET"]}}],"collection":[{"href":"https:\/\/www.web-systems.pl\/de\/wp-json\/wp\/v2\/pages"}],"about":[{"href":"https:\/\/www.web-systems.pl\/de\/wp-json\/wp\/v2\/types\/page"}],"author":[{"embeddable":true,"href":"https:\/\/www.web-systems.pl\/de\/wp-json\/wp\/v2\/users\/1"}],"replies":[{"embeddable":true,"href":"https:\/\/www.web-systems.pl\/de\/wp-json\/wp\/v2\/comments?post=23618"}],"version-history":[{"count":2,"href":"https:\/\/www.web-systems.pl\/de\/wp-json\/wp\/v2\/pages\/23618\/revisions"}],"predecessor-version":[{"id":23772,"href":"https:\/\/www.web-systems.pl\/de\/wp-json\/wp\/v2\/pages\/23618\/revisions\/23772"}],"wp:featuredmedia":[{"embeddable":true,"href":"https:\/\/www.web-systems.pl\/de\/wp-json\/wp\/v2\/media\/23621"}],"wp:attachment":[{"href":"https:\/\/www.web-systems.pl\/de\/wp-json\/wp\/v2\/media?parent=23618"}],"curies":[{"name":"wp","href":"https:\/\/api.w.org\/{rel}","templated":true}]}}