{"id":23625,"date":"2024-01-04T12:31:33","date_gmt":"2024-01-04T11:31:33","guid":{"rendered":"https:\/\/www.web-systems.pl\/praca\/"},"modified":"2024-03-19T11:14:34","modified_gmt":"2024-03-19T10:14:34","slug":"arbeit","status":"publish","type":"page","link":"https:\/\/www.web-systems.pl\/de\/arbeit\/","title":{"rendered":"Arbeit"},"content":{"rendered":"\t\t<div data-elementor-type=\"wp-page\" data-elementor-id=\"23625\" class=\"elementor elementor-23625 elementor-21813\" data-elementor-post-type=\"page\">\n\t\t\t\t<div class=\"elementor-element elementor-element-73eea69a e-con-full page-title-section e-flex e-con e-parent\" data-id=\"73eea69a\" data-element_type=\"container\" data-e-type=\"container\" data-settings=\"{&quot;background_background&quot;:&quot;classic&quot;}\">\n\t\t<div class=\"elementor-element elementor-element-5fcad4cd e-flex e-con-boxed e-con e-child\" data-id=\"5fcad4cd\" data-element_type=\"container\" data-e-type=\"container\">\n\t\t\t\t\t<div class=\"e-con-inner\">\n\t\t\t\t<div class=\"elementor-element elementor-element-2d56d84d elementor-widget elementor-widget-breadcrumbs\" data-id=\"2d56d84d\" data-element_type=\"widget\" data-e-type=\"widget\" data-widget_type=\"breadcrumbs.default\">\n\t\t\t\t<div class=\"elementor-widget-container\">\n\t\t\t\t\t<nav><span class=\"last\">Startseite<\/span><\/nav>\t\t\t\t<\/div>\n\t\t\t\t<\/div>\n\t\t\t\t\t<\/div>\n\t\t\t\t<\/div>\n\t\t\t\t<\/div>\n\t\t<div class=\"elementor-element elementor-element-a37ec5e e-flex e-con-boxed elementor-invisible e-con e-parent\" data-id=\"a37ec5e\" data-element_type=\"container\" data-e-type=\"container\" data-settings=\"{&quot;background_background&quot;:&quot;classic&quot;,&quot;animation&quot;:&quot;fadeInUp&quot;,&quot;animation_delay&quot;:200}\">\n\t\t\t\t\t<div class=\"e-con-inner\">\n\t\t\t\t<div class=\"elementor-element elementor-element-a87a59f elementor-widget elementor-widget-text-editor\" data-id=\"a87a59f\" data-element_type=\"widget\" data-e-type=\"widget\" data-widget_type=\"text-editor.default\">\n\t\t\t\t<div class=\"elementor-widget-container\">\n\t\t\t\t\t\t\t\t\tBei W Web Systems verstehen wir, wie wichtig es ist, einen Arbeitsplatz zu finden, an dem deine F\u00e4higkeiten, Leidenschaft und Engagement sich entwickeln k\u00f6nnen. Deshalb haben wir eine Umgebung geschaffen, die unsere Mitarbeiter nicht nur bei ihren t\u00e4glichen Aufgaben unterst\u00fctzt, sondern sie auch dazu inspiriert, neue Ideen und L\u00f6sungen zu erforschen. Unser Team ist eine vielf\u00e4ltige Gruppe von Talenten, die ein gemeinsames Ziel teilen &#8211; die Schaffung innovativer technologischer L\u00f6sungen, die das Leben und die Arbeit unserer Kunden erleichtern. Wenn du zu uns kommst, hast du die M\u00f6glichkeit, an interessanten Projekten zu arbeiten, deine F\u00e4higkeiten zu entwickeln und eine Karriere in einer freundlichen, dynamischen Atmosph\u00e4re aufzubauen. Wir laden dich ein, dich mit den derzeit verf\u00fcgbaren Stellen vertraut zu machen und unserem Team beizutreten!\t\t\t\t\t\t\t\t<\/div>\n\t\t\t\t<\/div>\n\t\t\t\t\t<\/div>\n\t\t\t\t<\/div>\n\t\t<div class=\"elementor-element elementor-element-e8e4569 e-flex e-con-boxed e-con e-parent\" data-id=\"e8e4569\" data-element_type=\"container\" data-e-type=\"container\">\n\t\t\t\t\t<div class=\"e-con-inner\">\n\t\t<a class=\"elementor-element elementor-element-d90f4ce e-con-full e-flex e-con e-child\" data-id=\"d90f4ce\" data-element_type=\"container\" data-e-type=\"container\" data-settings=\"{&quot;background_background&quot;:&quot;classic&quot;}\" href=\"\/praca\/backend-developer\/\">\n\t\t\t\t<div class=\"elementor-element elementor-element-5ac83c7 elementor-widget elementor-widget-heading\" data-id=\"5ac83c7\" data-element_type=\"widget\" data-e-type=\"widget\" data-widget_type=\"heading.default\">\n\t\t\t\t<div class=\"elementor-widget-container\">\n\t\t\t\t\t<h2 class=\"elementor-heading-title elementor-size-default\">Backend-Entwickler<\/h2>\t\t\t\t<\/div>\n\t\t\t\t<\/div>\n\t\t\t\t<\/a>\n\t\t<a class=\"elementor-element elementor-element-be733bd e-con-full e-flex e-con e-child\" data-id=\"be733bd\" data-element_type=\"container\" data-e-type=\"container\" data-settings=\"{&quot;background_background&quot;:&quot;classic&quot;}\" href=\"\/praca\/frontend-developer\/\">\n\t\t\t\t<div class=\"elementor-element elementor-element-67ccd37 elementor-widget elementor-widget-heading\" data-id=\"67ccd37\" data-element_type=\"widget\" data-e-type=\"widget\" data-widget_type=\"heading.default\">\n\t\t\t\t<div class=\"elementor-widget-container\">\n\t\t\t\t\t<h2 class=\"elementor-heading-title elementor-size-default\">Frontend-Entwickler<\/h2>\t\t\t\t<\/div>\n\t\t\t\t<\/div>\n\t\t\t\t<\/a>\n\t\t<a class=\"elementor-element elementor-element-72cc21f e-con-full e-flex e-con e-child\" data-id=\"72cc21f\" data-element_type=\"container\" data-e-type=\"container\" data-settings=\"{&quot;background_background&quot;:&quot;classic&quot;}\" href=\"\/praca\/junior-wordpress-developer\/\">\n\t\t\t\t<div class=\"elementor-element elementor-element-9c428b8 elementor-widget elementor-widget-heading\" data-id=\"9c428b8\" data-element_type=\"widget\" data-e-type=\"widget\" data-widget_type=\"heading.default\">\n\t\t\t\t<div class=\"elementor-widget-container\">\n\t\t\t\t\t<h2 class=\"elementor-heading-title elementor-size-default\">Junior WordPress-Entwickler<\/h2>\t\t\t\t<\/div>\n\t\t\t\t<\/div>\n\t\t\t\t<\/a>\n\t\t\t\t\t<\/div>\n\t\t\t\t<\/div>\n\t\t<div class=\"elementor-element elementor-element-942c655 e-flex e-con-boxed e-con e-parent\" data-id=\"942c655\" data-element_type=\"container\" data-e-type=\"container\">\n\t\t\t\t\t<div class=\"e-con-inner\">\n\t\t<a class=\"elementor-element elementor-element-6bb6c04 e-con-full e-flex e-con e-child\" data-id=\"6bb6c04\" data-element_type=\"container\" data-e-type=\"container\" data-settings=\"{&quot;background_background&quot;:&quot;classic&quot;}\" href=\"\/praca\/php-wordpress-developer\/\">\n\t\t\t\t<div class=\"elementor-element elementor-element-022433f elementor-widget elementor-widget-heading\" data-id=\"022433f\" data-element_type=\"widget\" data-e-type=\"widget\" data-widget_type=\"heading.default\">\n\t\t\t\t<div class=\"elementor-widget-container\">\n\t\t\t\t\t<h2 class=\"elementor-heading-title elementor-size-default\">PHP \/ WordPress-Entwickler<\/h2>\t\t\t\t<\/div>\n\t\t\t\t<\/div>\n\t\t\t\t<\/a>\n\t\t<a class=\"elementor-element elementor-element-b602d7b e-con-full e-flex e-con e-child\" data-id=\"b602d7b\" data-element_type=\"container\" data-e-type=\"container\" data-settings=\"{&quot;background_background&quot;:&quot;classic&quot;}\" href=\"\/praca\/praktyki\/\">\n\t\t\t\t<div class=\"elementor-element elementor-element-5a4d43d elementor-widget elementor-widget-heading\" data-id=\"5a4d43d\" data-element_type=\"widget\" data-e-type=\"widget\" data-widget_type=\"heading.default\">\n\t\t\t\t<div class=\"elementor-widget-container\">\n\t\t\t\t\t<h2 class=\"elementor-heading-title elementor-size-default\">Praktika<\/h2>\t\t\t\t<\/div>\n\t\t\t\t<\/div>\n\t\t\t\t<\/a>\n\t\t<a class=\"elementor-element elementor-element-1c6773e e-con-full e-flex e-con e-child\" data-id=\"1c6773e\" data-element_type=\"container\" data-e-type=\"container\" data-settings=\"{&quot;background_background&quot;:&quot;classic&quot;}\" href=\"\/praca\/staz\/\">\n\t\t\t\t<div class=\"elementor-element elementor-element-37fe9ae elementor-widget elementor-widget-heading\" data-id=\"37fe9ae\" data-element_type=\"widget\" data-e-type=\"widget\" data-widget_type=\"heading.default\">\n\t\t\t\t<div class=\"elementor-widget-container\">\n\t\t\t\t\t<h2 class=\"elementor-heading-title elementor-size-default\">Praktikum<\/h2>\t\t\t\t<\/div>\n\t\t\t\t<\/div>\n\t\t\t\t<\/a>\n\t\t\t\t\t<\/div>\n\t\t\t\t<\/div>\n\t\t\t\t<\/div>\n\t\t","protected":false},"excerpt":{"rendered":"<p>Bei W Web Systems verstehen wir, wie wichtig es ist, einen Arbeitsplatz zu finden, an dem deine F\u00e4higkeiten, Leidenschaft und Engagement sich entwickeln k\u00f6nnen. Deshalb haben wir eine Umgebung geschaffen, die unsere Mitarbeiter nicht nur bei ihren t\u00e4glichen Aufgaben unterst\u00fctzt, sondern sie auch dazu inspiriert, neue Ideen und L\u00f6sungen zu erforschen. Unser Team ist eine [&hellip;]<\/p>\n","protected":false},"author":1,"featured_media":23627,"parent":0,"menu_order":0,"comment_status":"closed","ping_status":"closed","template":"elementor_header_footer","meta":{"_acf_changed":false,"footnotes":""},"class_list":["post-23625","page","type-page","status-publish","has-post-thumbnail","hentry"],"acf":[],"_links":{"self":[{"href":"https:\/\/www.web-systems.pl\/de\/wp-json\/wp\/v2\/pages\/23625","targetHints":{"allow":["GET"]}}],"collection":[{"href":"https:\/\/www.web-systems.pl\/de\/wp-json\/wp\/v2\/pages"}],"about":[{"href":"https:\/\/www.web-systems.pl\/de\/wp-json\/wp\/v2\/types\/page"}],"author":[{"embeddable":true,"href":"https:\/\/www.web-systems.pl\/de\/wp-json\/wp\/v2\/users\/1"}],"replies":[{"embeddable":true,"href":"https:\/\/www.web-systems.pl\/de\/wp-json\/wp\/v2\/comments?post=23625"}],"version-history":[{"count":2,"href":"https:\/\/www.web-systems.pl\/de\/wp-json\/wp\/v2\/pages\/23625\/revisions"}],"predecessor-version":[{"id":23776,"href":"https:\/\/www.web-systems.pl\/de\/wp-json\/wp\/v2\/pages\/23625\/revisions\/23776"}],"wp:featuredmedia":[{"embeddable":true,"href":"https:\/\/www.web-systems.pl\/de\/wp-json\/wp\/v2\/media\/23627"}],"wp:attachment":[{"href":"https:\/\/www.web-systems.pl\/de\/wp-json\/wp\/v2\/media?parent=23625"}],"curies":[{"name":"wp","href":"https:\/\/api.w.org\/{rel}","templated":true}]}}