{"id":23645,"date":"2024-01-04T10:03:19","date_gmt":"2024-01-04T09:03:19","guid":{"rendered":"https:\/\/www.web-systems.pl\/praca\/frontend-developer\/"},"modified":"2024-03-19T11:14:39","modified_gmt":"2024-03-19T10:14:39","slug":"frontend-entwickler","status":"publish","type":"page","link":"https:\/\/www.web-systems.pl\/de\/arbeit\/frontend-entwickler\/","title":{"rendered":"Frontend-Entwickler"},"content":{"rendered":"\t\t<div data-elementor-type=\"wp-page\" data-elementor-id=\"23645\" class=\"elementor elementor-23645 elementor-21693\" data-elementor-post-type=\"page\">\n\t\t\t\t<div class=\"elementor-element elementor-element-48d550f3 e-con-full page-title-section e-flex e-con e-parent\" data-id=\"48d550f3\" data-element_type=\"container\" data-e-type=\"container\" data-settings=\"{&quot;background_background&quot;:&quot;classic&quot;}\">\n\t\t<div class=\"elementor-element elementor-element-6c51d374 e-flex e-con-boxed e-con e-child\" data-id=\"6c51d374\" data-element_type=\"container\" data-e-type=\"container\">\n\t\t\t\t\t<div class=\"e-con-inner\">\n\t\t\t\t<div class=\"elementor-element elementor-element-6b708db4 elementor-widget elementor-widget-breadcrumbs\" data-id=\"6b708db4\" data-element_type=\"widget\" data-e-type=\"widget\" data-widget_type=\"breadcrumbs.default\">\n\t\t\t\t<div class=\"elementor-widget-container\">\n\t\t\t\t\t<nav><span class=\"last\">Startseite<\/span><\/nav>\t\t\t\t<\/div>\n\t\t\t\t<\/div>\n\t\t\t\t\t<\/div>\n\t\t\t\t<\/div>\n\t\t\t\t<\/div>\n\t\t<div class=\"elementor-element elementor-element-88165ea e-con-full e-flex e-con e-parent\" data-id=\"88165ea\" data-element_type=\"container\" data-e-type=\"container\">\n\t\t<div class=\"elementor-element elementor-element-85750c5 e-flex e-con-boxed e-con e-child\" data-id=\"85750c5\" data-element_type=\"container\" data-e-type=\"container\" data-settings=\"{&quot;background_background&quot;:&quot;classic&quot;}\">\n\t\t\t\t\t<div class=\"e-con-inner\">\n\t\t<div class=\"elementor-element elementor-element-8a40e83 e-con-full free-quote-left-column e-flex e-con e-child\" data-id=\"8a40e83\" data-element_type=\"container\" data-e-type=\"container\">\n\t\t\t\t<div class=\"elementor-element elementor-element-9e8167f elementor-widget elementor-widget-heading\" data-id=\"9e8167f\" data-element_type=\"widget\" data-e-type=\"widget\" data-widget_type=\"heading.default\">\n\t\t\t\t<div class=\"elementor-widget-container\">\n\t\t\t\t\t<h2 class=\"elementor-heading-title elementor-size-default\">Aufgabenbereich<\/h2>\t\t\t\t<\/div>\n\t\t\t\t<\/div>\n\t\t\t\t<div class=\"elementor-element elementor-element-0ff114a elementor-widget elementor-widget-wl-features-box-v2\" data-id=\"0ff114a\" data-element_type=\"widget\" data-e-type=\"widget\" data-widget_type=\"wl-features-box-v2.default\">\n\t\t\t\t<div class=\"elementor-widget-container\">\n\t\t\t\t\t\r\n        <ul class=\"why-us-block\">\r\n\r\n        \t\r\n\t            <li class=\"inner-block Add Your Custom Color\">\r\n\t                <div class=\"content\">\r\n\t                \t\t                    \t<img decoding=\"async\" src=\"https:\/\/flywebwp.websitelayout.net\/wp-content\/uploads\/2023\/09\/09.png\" class=\"mb-3\" alt=\"Feature Image\">\r\n\t                    \r\n\t                    \t                    \t<h4>Aktualisierung und Erweiterung bestehender Webseiten und Webanwendungen<\/h4>\r\n\t                    \t                <\/div>\r\n\t            <\/li>\r\n\r\n            \r\n\t            <li class=\"inner-block color2\">\r\n\t                <div class=\"content\">\r\n\t                \t\t                    \t<img decoding=\"async\" src=\"https:\/\/flywebwp.websitelayout.net\/wp-content\/uploads\/2023\/09\/10.png\" class=\"mb-3\" alt=\"Feature Image\">\r\n\t                    \r\n\t                    \t                    \t<h4>Erstellung und Implementierung neuer Webseiten und Webanwendungen<\/h4>\r\n\t                    \t                <\/div>\r\n\t            <\/li>\r\n\r\n            \r\n\t            <li class=\"inner-block color2\">\r\n\t                <div class=\"content\">\r\n\t                \t\t                    \t<img decoding=\"async\" src=\"https:\/\/flywebwp.websitelayout.net\/wp-content\/uploads\/2023\/09\/11.png\" class=\"mb-3\" alt=\"Feature Image\">\r\n\t                    \r\n\t                    \t                    \t<h4>Erstellung von Themes und Plugins<\/h4>\r\n\t                    \t                <\/div>\r\n\t            <\/li>\r\n\r\n            \r\n\t            <li class=\"inner-block \">\r\n\t                <div class=\"content\">\r\n\t                \t\t                    \t<img decoding=\"async\" src=\"https:\/\/flywebwp.websitelayout.net\/wp-content\/uploads\/2023\/09\/02-1.png\" class=\"mb-3\" alt=\"Feature Image\">\r\n\t                    \r\n\t                    \t                    \t<h4>Migrationen, Bearbeitungen und Optimierungen von Datenbanken<\/h4>\r\n\t                    \t                <\/div>\r\n\t            <\/li>\r\n\r\n            \r\n        <\/ul>    \r\n\r\n\t\t\t\t\t<\/div>\n\t\t\t\t<\/div>\n\t\t\t\t<div class=\"elementor-element elementor-element-7d964bb elementor-widget elementor-widget-heading\" data-id=\"7d964bb\" data-element_type=\"widget\" data-e-type=\"widget\" data-widget_type=\"heading.default\">\n\t\t\t\t<div class=\"elementor-widget-container\">\n\t\t\t\t\t<h2 class=\"elementor-heading-title elementor-size-default\">Anforderungen<\/h2>\t\t\t\t<\/div>\n\t\t\t\t<\/div>\n\t\t\t\t<div class=\"elementor-element elementor-element-ba28d2f elementor-align-center elementor-icon-list--layout-traditional elementor-list-item-link-full_width elementor-widget elementor-widget-icon-list\" data-id=\"ba28d2f\" data-element_type=\"widget\" data-e-type=\"widget\" data-widget_type=\"icon-list.default\">\n\t\t\t\t<div class=\"elementor-widget-container\">\n\t\t\t\t\t\t\t<ul class=\"elementor-icon-list-items\">\n\t\t\t\t\t\t\t<li class=\"elementor-icon-list-item\">\n\t\t\t\t\t\t\t\t\t\t<span class=\"elementor-icon-list-text\">Gute Kenntnisse in JS\/CSS<\/span>\n\t\t\t\t\t\t\t\t\t<\/li>\n\t\t\t\t\t\t\t\t<li class=\"elementor-icon-list-item\">\n\t\t\t\t\t\t\t\t\t\t<span class=\"elementor-icon-list-text\">Grundkenntnisse in React \/ Vue<\/span>\n\t\t\t\t\t\t\t\t\t<\/li>\n\t\t\t\t\t\t\t\t<li class=\"elementor-icon-list-item\">\n\t\t\t\t\t\t\t\t\t\t<span class=\"elementor-icon-list-text\">Kenntnisse in GIT und W3C-Standards<\/span>\n\t\t\t\t\t\t\t\t\t<\/li>\n\t\t\t\t\t\t\t\t<li class=\"elementor-icon-list-item\">\n\t\t\t\t\t\t\t\t\t\t<span class=\"elementor-icon-list-text\">F\u00e4higkeit zum analytischen Denken und zur Dokumentation<\/span>\n\t\t\t\t\t\t\t\t\t<\/li>\n\t\t\t\t\t\t\t\t<li class=\"elementor-icon-list-item\">\n\t\t\t\t\t\t\t\t\t\t<span class=\"elementor-icon-list-text\">Eigenst\u00e4ndigkeit bei der L\u00f6sung einfacher Probleme<\/span>\n\t\t\t\t\t\t\t\t\t<\/li>\n\t\t\t\t\t\t\t\t<li class=\"elementor-icon-list-item\">\n\t\t\t\t\t\t\t\t\t\t<span class=\"elementor-icon-list-text\">Kommunikatives Englisch<\/span>\n\t\t\t\t\t\t\t\t\t<\/li>\n\t\t\t\t\t\t<\/ul>\n\t\t\t\t\t\t<\/div>\n\t\t\t\t<\/div>\n\t\t\t\t<\/div>\n\t\t<div class=\"elementor-element elementor-element-2228467 e-con-full free-quote-right-column e-flex e-con e-child\" data-id=\"2228467\" data-element_type=\"container\" data-e-type=\"container\">\n\t\t\t\t<div class=\"elementor-element elementor-element-7b85345 free-quote-form elementor-widget elementor-widget-shortcode\" data-id=\"7b85345\" data-element_type=\"widget\" data-e-type=\"widget\" data-widget_type=\"shortcode.default\">\n\t\t\t\t<div class=\"elementor-widget-container\">\n\t\t\t\t\t\t\t<div class=\"elementor-shortcode\"><p class=\"wpcf7-contact-form-not-found\"><strong>Fehler:<\/strong> Kontaktformular wurde nicht gefunden.<\/p><\/div>\n\t\t\t\t\t\t<\/div>\n\t\t\t\t<\/div>\n\t\t\t\t<\/div>\n\t\t\t\t\t<\/div>\n\t\t\t\t<\/div>\n\t\t\t\t<\/div>\n\t\t\t\t<\/div>\n\t\t","protected":false},"excerpt":{"rendered":"<p>Aufgabenbereich Aktualisierung und Erweiterung bestehender Webseiten und Webanwendungen Erstellung und Implementierung neuer Webseiten und Webanwendungen Erstellung von Themes und Plugins Migrationen, Bearbeitungen und Optimierungen von Datenbanken Anforderungen Gute Kenntnisse in JS\/CSS Grundkenntnisse in React \/ Vue Kenntnisse in GIT und W3C-Standards F\u00e4higkeit zum analytischen Denken und zur Dokumentation Eigenst\u00e4ndigkeit bei der L\u00f6sung einfacher Probleme Kommunikatives [&hellip;]<\/p>\n","protected":false},"author":1,"featured_media":23638,"parent":23625,"menu_order":0,"comment_status":"closed","ping_status":"closed","template":"elementor_header_footer","meta":{"_acf_changed":false,"footnotes":""},"class_list":["post-23645","page","type-page","status-publish","has-post-thumbnail","hentry"],"acf":[],"_links":{"self":[{"href":"https:\/\/www.web-systems.pl\/de\/wp-json\/wp\/v2\/pages\/23645","targetHints":{"allow":["GET"]}}],"collection":[{"href":"https:\/\/www.web-systems.pl\/de\/wp-json\/wp\/v2\/pages"}],"about":[{"href":"https:\/\/www.web-systems.pl\/de\/wp-json\/wp\/v2\/types\/page"}],"author":[{"embeddable":true,"href":"https:\/\/www.web-systems.pl\/de\/wp-json\/wp\/v2\/users\/1"}],"replies":[{"embeddable":true,"href":"https:\/\/www.web-systems.pl\/de\/wp-json\/wp\/v2\/comments?post=23645"}],"version-history":[{"count":2,"href":"https:\/\/www.web-systems.pl\/de\/wp-json\/wp\/v2\/pages\/23645\/revisions"}],"predecessor-version":[{"id":23796,"href":"https:\/\/www.web-systems.pl\/de\/wp-json\/wp\/v2\/pages\/23645\/revisions\/23796"}],"up":[{"embeddable":true,"href":"https:\/\/www.web-systems.pl\/de\/wp-json\/wp\/v2\/pages\/23625"}],"wp:featuredmedia":[{"embeddable":true,"href":"https:\/\/www.web-systems.pl\/de\/wp-json\/wp\/v2\/media\/23638"}],"wp:attachment":[{"href":"https:\/\/www.web-systems.pl\/de\/wp-json\/wp\/v2\/media?parent=23645"}],"curies":[{"name":"wp","href":"https:\/\/api.w.org\/{rel}","templated":true}]}}