{"id":23677,"date":"2024-01-02T12:32:28","date_gmt":"2024-01-02T11:32:28","guid":{"rendered":"https:\/\/www.web-systems.pl\/orientacyjne-wyceny\/"},"modified":"2024-03-20T10:16:28","modified_gmt":"2024-03-20T09:16:28","slug":"bewertungen","status":"publish","type":"page","link":"https:\/\/www.web-systems.pl\/de\/bewertungen\/","title":{"rendered":"Bewertungen"},"content":{"rendered":"\t\t<div data-elementor-type=\"wp-page\" data-elementor-id=\"23677\" class=\"elementor elementor-23677 elementor-20968\" data-elementor-post-type=\"page\">\n\t\t\t\t<div class=\"elementor-element elementor-element-48d550f3 e-con-full page-title-section e-flex e-con e-parent\" data-id=\"48d550f3\" data-element_type=\"container\" data-e-type=\"container\" data-settings=\"{&quot;background_background&quot;:&quot;classic&quot;}\">\n\t\t<div class=\"elementor-element elementor-element-6c51d374 e-flex e-con-boxed e-con e-child\" data-id=\"6c51d374\" data-element_type=\"container\" data-e-type=\"container\">\n\t\t\t\t\t<div class=\"e-con-inner\">\n\t\t\t\t<div class=\"elementor-element elementor-element-6b708db4 elementor-widget elementor-widget-breadcrumbs\" data-id=\"6b708db4\" data-element_type=\"widget\" data-e-type=\"widget\" data-widget_type=\"breadcrumbs.default\">\n\t\t\t\t<div class=\"elementor-widget-container\">\n\t\t\t\t\t<nav><span class=\"last\">Startseite<\/span><\/nav>\t\t\t\t<\/div>\n\t\t\t\t<\/div>\n\t\t\t\t<div class=\"elementor-element elementor-element-a3c2706 elementor-widget elementor-widget-heading\" data-id=\"a3c2706\" data-element_type=\"widget\" data-e-type=\"widget\" data-widget_type=\"heading.default\">\n\t\t\t\t<div class=\"elementor-widget-container\">\n\t\t\t\t\t<span class=\"elementor-heading-title elementor-size-default\">Kontaktieren Sie uns und wir erstellen innerhalb von 24 Stunden nach Kenntnis Ihrer spezifischen Anforderungen ein kostenloses Angebot.\n<\/span>\t\t\t\t<\/div>\n\t\t\t\t<\/div>\n\t\t\t\t\t<\/div>\n\t\t\t\t<\/div>\n\t\t\t\t<\/div>\n\t\t<div class=\"elementor-element elementor-element-88165ea e-con-full e-flex e-con e-parent\" data-id=\"88165ea\" data-element_type=\"container\" data-e-type=\"container\">\n\t\t<div class=\"elementor-element elementor-element-85750c5 e-flex e-con-boxed e-con e-child\" data-id=\"85750c5\" data-element_type=\"container\" data-e-type=\"container\" data-settings=\"{&quot;background_background&quot;:&quot;classic&quot;}\">\n\t\t\t\t\t<div class=\"e-con-inner\">\n\t\t<div class=\"elementor-element elementor-element-8a40e83 e-con-full free-quote-left-column e-flex e-con e-child\" data-id=\"8a40e83\" data-element_type=\"container\" data-e-type=\"container\">\n\t\t\t\t<div class=\"elementor-element elementor-element-d3569d9 elementor-widget elementor-widget-text-editor\" data-id=\"d3569d9\" data-element_type=\"widget\" data-e-type=\"widget\" data-widget_type=\"text-editor.default\">\n\t\t\t\t<div class=\"elementor-widget-container\">\n\t\t\t\t\t\t\t\t\t<div class=\"story-video\">\n<div class=\"section-title mb-1-9\">\n\n<span class=\"sm-title\">Was machen wir?<\/span>\n\n<\/div>\n<\/div>\t\t\t\t\t\t\t\t<\/div>\n\t\t\t\t<\/div>\n\t\t\t\t<div class=\"elementor-element elementor-element-0ff114a elementor-widget elementor-widget-wl-features-box-v2\" data-id=\"0ff114a\" data-element_type=\"widget\" data-e-type=\"widget\" data-widget_type=\"wl-features-box-v2.default\">\n\t\t\t\t<div class=\"elementor-widget-container\">\n\t\t\t\t\t\r\n        <ul class=\"why-us-block\">\r\n\r\n        \t\r\n\t            <li class=\"inner-block Add Your Custom Color\">\r\n\t                <div class=\"content\">\r\n\t                \t\t                    \t<img decoding=\"async\" src=\"https:\/\/flywebwp.websitelayout.net\/wp-content\/uploads\/2023\/09\/09.png\" class=\"mb-3\" alt=\"Feature Image\">\r\n\t                    \r\n\t                    \t                    \t<h4>Erstellung von Websites und Webanwendungen<\/h4>\r\n\t                    \t                <\/div>\r\n\t            <\/li>\r\n\r\n            \r\n\t            <li class=\"inner-block color2\">\r\n\t                <div class=\"content\">\r\n\t                \t\t                    \t<img decoding=\"async\" src=\"https:\/\/flywebwp.websitelayout.net\/wp-content\/uploads\/2023\/09\/10.png\" class=\"mb-3\" alt=\"Feature Image\">\r\n\t                    \r\n\t                    \t                    \t<h4>Webhosting<\/h4>\r\n\t                    \t                <\/div>\r\n\t            <\/li>\r\n\r\n            \r\n\t            <li class=\"inner-block color2\">\r\n\t                <div class=\"content\">\r\n\t                \t\t                    \t<img decoding=\"async\" src=\"https:\/\/flywebwp.websitelayout.net\/wp-content\/uploads\/2023\/09\/11.png\" class=\"mb-3\" alt=\"Feature Image\">\r\n\t                    \r\n\t                    \t                    \t<h4>Website-Audit<\/h4>\r\n\t                    \t                <\/div>\r\n\t            <\/li>\r\n\r\n            \r\n\t            <li class=\"inner-block \">\r\n\t                <div class=\"content\">\r\n\t                \t\t                    \t<img decoding=\"async\" src=\"https:\/\/flywebwp.websitelayout.net\/wp-content\/uploads\/2023\/09\/12.png\" class=\"mb-3\" alt=\"Feature Image\">\r\n\t                    \r\n\t                    \t                    \t<h4>Erstellung und Management von Google und FB Ads Kampagnen<\/h4>\r\n\t                    \t                <\/div>\r\n\t            <\/li>\r\n\r\n            \r\n\t            <li class=\"inner-block \">\r\n\t                <div class=\"content\">\r\n\t                \t\t                    \t<img decoding=\"async\" src=\"https:\/\/flywebwp.websitelayout.net\/wp-content\/uploads\/2023\/09\/01-1.png\" class=\"mb-3\" alt=\"Feature Image\">\r\n\t                    \r\n\t                    \t                    \t<h4>Suchmaschinenwerbung (SEO)<\/h4>\r\n\t                    \t                <\/div>\r\n\t            <\/li>\r\n\r\n            \r\n\t            <li class=\"inner-block color2\">\r\n\t                <div class=\"content\">\r\n\t                \t\t                    \t<img decoding=\"async\" src=\"https:\/\/flywebwp.websitelayout.net\/wp-content\/uploads\/2023\/09\/02-1.png\" class=\"mb-3\" alt=\"Feature Image\">\r\n\t                    \r\n\t                    \t                    \t<h4>Andere Dienstleistungen<\/h4>\r\n\t                    \t                <\/div>\r\n\t            <\/li>\r\n\r\n            \r\n        <\/ul>    \r\n\r\n\t\t\t\t\t<\/div>\n\t\t\t\t<\/div>\n\t\t\t\t<\/div>\n\t\t<div class=\"elementor-element elementor-element-2228467 e-con-full free-quote-right-column e-flex e-con e-child\" data-id=\"2228467\" data-element_type=\"container\" data-e-type=\"container\">\n\t\t\t\t<div class=\"elementor-element elementor-element-7b85345 free-quote-form elementor-widget elementor-widget-shortcode\" data-id=\"7b85345\" data-element_type=\"widget\" data-e-type=\"widget\" data-widget_type=\"shortcode.default\">\n\t\t\t\t<div class=\"elementor-widget-container\">\n\t\t\t\t\t\t\t<div class=\"elementor-shortcode\">\n<div class=\"wpcf7 no-js\" id=\"wpcf7-f24485-o1\" lang=\"de-DE\" dir=\"ltr\" data-wpcf7-id=\"24485\">\n<div class=\"screen-reader-response\"><p role=\"status\" aria-live=\"polite\" aria-atomic=\"true\"><\/p> <ul><\/ul><\/div>\n<form action=\"\/de\/wp-json\/wp\/v2\/pages\/23677#wpcf7-f24485-o1\" method=\"post\" class=\"wpcf7-form init\" aria-label=\"Kontaktformular\" novalidate=\"novalidate\" data-status=\"init\">\n<fieldset class=\"hidden-fields-container\"><input type=\"hidden\" name=\"_wpcf7\" value=\"24485\" \/><input type=\"hidden\" name=\"_wpcf7_version\" value=\"6.1.5\" \/><input type=\"hidden\" name=\"_wpcf7_locale\" value=\"de_DE\" \/><input type=\"hidden\" name=\"_wpcf7_unit_tag\" value=\"wpcf7-f24485-o1\" \/><input type=\"hidden\" name=\"_wpcf7_container_post\" value=\"0\" \/><input type=\"hidden\" name=\"_wpcf7_posted_data_hash\" value=\"\" \/><input type=\"hidden\" name=\"_wpcf7_recaptcha_response\" value=\"\" \/>\n<\/fieldset>\n<div class=\"free-quote-section\">\n\t<p><span>Podaj sw\u00f3j adres email, na kt\u00f3ry zostanie wys\u0142ana darmowa wycena<\/span>\n\t<\/p>\n\t<div class=\"email-section\">\n\t\t<p><label>Tw\u00f3j email<\/label>\n\t\t<\/p>\n\t\t<div class=\"email-input\">\n\t\t\t<p><span class=\"wpcf7-form-control-wrap\" data-name=\"your-email\"><input size=\"40\" maxlength=\"400\" class=\"wpcf7-form-control wpcf7-email wpcf7-validates-as-required wpcf7-text wpcf7-validates-as-email\" aria-required=\"true\" aria-invalid=\"false\" value=\"\" type=\"email\" name=\"your-email\" \/><\/span>\n\t\t\t<\/p>\n\t\t<\/div>\n\t<\/div>\n\t<div class=\"free-quote-form\">\n\t\t<div class=\"first-group\">\n\t\t\t<p><label>Rodzaj strony internetowej<\/label><br \/>\n<span class=\"wpcf7-form-control-wrap\" data-name=\"type-of-website\"><span class=\"wpcf7-form-control wpcf7-checkbox wpcf7-validates-as-required wpcf7-exclusive-checkbox\"><span class=\"wpcf7-list-item first\"><label><input type=\"checkbox\" name=\"type-of-website\" value=\"Strona internetowa HTML\/CSS\/JS\" \/><span class=\"wpcf7-list-item-label\">Strona internetowa HTML\/CSS\/JS<\/span><\/label><\/span><span class=\"wpcf7-list-item\"><label><input type=\"checkbox\" name=\"type-of-website\" value=\"Strona internetowa z systemem zarz\u0105dzania tre\u015bci\u0105\" \/><span class=\"wpcf7-list-item-label\">Strona internetowa z systemem zarz\u0105dzania tre\u015bci\u0105<\/span><\/label><\/span><span class=\"wpcf7-list-item\"><label><input type=\"checkbox\" name=\"type-of-website\" value=\"Sklep internetowy\" \/><span class=\"wpcf7-list-item-label\">Sklep internetowy<\/span><\/label><\/span><span class=\"wpcf7-list-item last\"><label><input type=\"checkbox\" name=\"type-of-website\" value=\"Portal internetowy\" \/><span class=\"wpcf7-list-item-label\">Portal internetowy<\/span><\/label><\/span><\/span><\/span>\n\t\t\t<\/p>\n\t\t<\/div>\n\t\t<div class=\"second-group\">\n\t\t\t<p><label>Poziom rozbudowania<\/label><br \/>\n<span class=\"wpcf7-form-control-wrap\" data-name=\"level-of-development\"><span class=\"wpcf7-form-control wpcf7-checkbox wpcf7-validates-as-required wpcf7-exclusive-checkbox\"><span class=\"wpcf7-list-item first\"><label><input type=\"checkbox\" name=\"level-of-development\" value=\"1 menu, 1 rodzaj tre\u015bci, do 5 podstron\" \/><span class=\"wpcf7-list-item-label\">1 menu, 1 rodzaj tre\u015bci, do 5 podstron<\/span><\/label><\/span><span class=\"wpcf7-list-item\"><label><input type=\"checkbox\" name=\"level-of-development\" value=\"2 menu, 2 rodzaje tre\u015bci, do 10 podstron\" \/><span class=\"wpcf7-list-item-label\">2 menu, 2 rodzaje tre\u015bci, do 10 podstron<\/span><\/label><\/span><span class=\"wpcf7-list-item last\"><label><input type=\"checkbox\" name=\"level-of-development\" value=\"Powy\u017cej 2 menu, powy\u017cej 2 rodzaj\u00f3w tre\u015bci, powy\u017cej 10 podstron\" \/><span class=\"wpcf7-list-item-label\">Powy\u017cej 2 menu, powy\u017cej 2 rodzaj\u00f3w tre\u015bci, powy\u017cej 10 podstron<\/span><\/label><\/span><\/span><\/span>\n\t\t\t<\/p>\n\t\t<\/div>\n\t\t<div class=\"third-group\">\n\t\t\t<p><label>Responsywno\u015b\u0107<\/label><br \/>\n<span class=\"wpcf7-form-control-wrap\" data-name=\"responsiveness\"><span class=\"wpcf7-form-control wpcf7-checkbox wpcf7-validates-as-required wpcf7-exclusive-checkbox\"><span class=\"wpcf7-list-item first\"><label><input type=\"checkbox\" name=\"responsiveness\" value=\"Podstawowa responsywno\u015b\u0107\" \/><span class=\"wpcf7-list-item-label\">Podstawowa responsywno\u015b\u0107<\/span><\/label><\/span><span class=\"wpcf7-list-item last\"><label><input type=\"checkbox\" name=\"responsiveness\" value=\"Zoptymalizowana pod pagespeed\" \/><span class=\"wpcf7-list-item-label\">Zoptymalizowana pod pagespeed<\/span><\/label><\/span><\/span><\/span>\n\t\t\t<\/p>\n\t\t<\/div>\n\t\t<div class=\"fourth-group\">\n\t\t\t<p><label>Logotyp<\/label><br \/>\n<span class=\"wpcf7-form-control-wrap\" data-name=\"logotype\"><span class=\"wpcf7-form-control wpcf7-checkbox wpcf7-validates-as-required wpcf7-exclusive-checkbox\"><span class=\"wpcf7-list-item first\"><label><input type=\"checkbox\" name=\"logotype\" value=\"Nie zamawiam logotypu\" \/><span class=\"wpcf7-list-item-label\">Nie zamawiam logotypu<\/span><\/label><\/span><span class=\"wpcf7-list-item\"><label><input type=\"checkbox\" name=\"logotype\" value=\"Prosty logotyp\" \/><span class=\"wpcf7-list-item-label\">Prosty logotyp<\/span><\/label><\/span><span class=\"wpcf7-list-item last\"><label><input type=\"checkbox\" name=\"logotype\" value=\"Logotyp z ksi\u0119g\u0105 znaku\" \/><span class=\"wpcf7-list-item-label\">Logotyp z ksi\u0119g\u0105 znaku<\/span><\/label><\/span><\/span><\/span>\n\t\t\t<\/p>\n\t\t<\/div>\n\t\t<div class=\"fifth-group\">\n\t\t\t<p><label>Projekt graficzny<\/label><br \/>\n<span class=\"wpcf7-form-control-wrap\" data-name=\"graphic-design\"><span class=\"wpcf7-form-control wpcf7-checkbox wpcf7-validates-as-required wpcf7-exclusive-checkbox\"><span class=\"wpcf7-list-item first\"><label><input type=\"checkbox\" name=\"graphic-design\" value=\"Gotowy szablon\" \/><span class=\"wpcf7-list-item-label\">Gotowy szablon<\/span><\/label><\/span><span class=\"wpcf7-list-item\"><label><input type=\"checkbox\" name=\"graphic-design\" value=\"Modyfikacje gotowego szablonu\" \/><span class=\"wpcf7-list-item-label\">Modyfikacje gotowego szablonu<\/span><\/label><\/span><span class=\"wpcf7-list-item last\"><label><input type=\"checkbox\" name=\"graphic-design\" value=\"Unikalny projekt graficzny\" \/><span class=\"wpcf7-list-item-label\">Unikalny projekt graficzny<\/span><\/label><\/span><\/span><\/span>\n\t\t\t<\/p>\n\t\t<\/div>\n\t\t<div class=\"sixth-group\">\n\t\t\t<p><label>Formularz kontaktowy<\/label><br \/>\n<span class=\"wpcf7-form-control-wrap\" data-name=\"contact-form\"><span class=\"wpcf7-form-control wpcf7-checkbox wpcf7-validates-as-required wpcf7-exclusive-checkbox\"><span class=\"wpcf7-list-item first\"><label><input type=\"checkbox\" name=\"contact-form\" value=\"Podstawowy formularz\" \/><span class=\"wpcf7-list-item-label\">Podstawowy formularz<\/span><\/label><\/span><span class=\"wpcf7-list-item last\"><label><input type=\"checkbox\" name=\"contact-form\" value=\"Rozbudowany formularz\" \/><span class=\"wpcf7-list-item-label\">Rozbudowany formularz<\/span><\/label><\/span><\/span><\/span>\n\t\t\t<\/p>\n\t\t<\/div>\n\t\t<div class=\"seventh-group\">\n\t\t\t<p><label>Menu<\/label><br \/>\n<span class=\"wpcf7-form-control-wrap\" data-name=\"menu\"><span class=\"wpcf7-form-control wpcf7-checkbox wpcf7-validates-as-required wpcf7-exclusive-checkbox\"><span class=\"wpcf7-list-item first\"><label><input type=\"checkbox\" name=\"menu\" value=\"Standardowe menu (drop down)\" \/><span class=\"wpcf7-list-item-label\">Standardowe menu (drop down)<\/span><\/label><\/span><span class=\"wpcf7-list-item last\"><label><input type=\"checkbox\" name=\"menu\" value=\"Wielopoziomowe menu (mega menu)\" \/><span class=\"wpcf7-list-item-label\">Wielopoziomowe menu (mega menu)<\/span><\/label><\/span><\/span><\/span>\n\t\t\t<\/p>\n\t\t<\/div>\n\t<\/div>\n\t<div class=\"acceptance-checkboxes\">\n\t\t<p><span class=\"wpcf7-form-control-wrap\" data-name=\"acceptance-checkbox\"><span class=\"wpcf7-form-control wpcf7-acceptance\"><span class=\"wpcf7-list-item\"><input type=\"checkbox\" name=\"acceptance-checkbox\" value=\"1\" aria-invalid=\"false\" \/><\/span><\/span><\/span> Akceptuj\u0119 przetwarzanie moich danych osobowych w celu obs\u0142ugi zapytania ofertowego przez Web Systems. Jestem \u015bwiadomy\/a, \u017ce mam prawo do dost\u0119pu do moich danych, ich poprawienia, \u017c\u0105dania zaprzestania ich przetwarzania oraz ich usuni\u0119cia. Zgoda mo\u017ce by\u0107 cofni\u0119ta w ka\u017cdym momencie. Wi\u0119cej informacji o przetwarzaniu danych znajduje si\u0119 w <a href=\"https:\/\/web-systems.pl\/polityka-prywatnosci\/\">Polityce Prywatno\u015bci<\/a>.\n\t\t<\/p>\n\t<\/div>\n\t<div class=\"quform-submit-inner\">\n\t\t<p><input class=\"wpcf7-form-control wpcf7-submit has-spinner\" type=\"submit\" value=\"Wy\u015blij\" \/>\n\t\t<\/p>\n\t<\/div>\n<\/div><div class=\"wpcf7-response-output\" aria-hidden=\"true\"><\/div>\n<\/form>\n<\/div>\n<\/div>\n\t\t\t\t\t\t<\/div>\n\t\t\t\t<\/div>\n\t\t\t\t<\/div>\n\t\t\t\t\t<\/div>\n\t\t\t\t<\/div>\n\t\t\t\t<\/div>\n\t\t\t\t<\/div>\n\t\t","protected":false},"excerpt":{"rendered":"<p>Kontaktieren Sie uns und wir erstellen innerhalb von 24 Stunden nach Kenntnis Ihrer spezifischen Anforderungen ein kostenloses Angebot. Was machen wir? Erstellung von Websites und Webanwendungen Webhosting Website-Audit Erstellung und Management von Google und FB Ads Kampagnen Suchmaschinenwerbung (SEO) Andere Dienstleistungen<\/p>\n","protected":false},"author":1,"featured_media":23638,"parent":0,"menu_order":0,"comment_status":"closed","ping_status":"closed","template":"elementor_header_footer","meta":{"_acf_changed":false,"footnotes":""},"class_list":["post-23677","page","type-page","status-publish","has-post-thumbnail","hentry"],"acf":[],"_links":{"self":[{"href":"https:\/\/www.web-systems.pl\/de\/wp-json\/wp\/v2\/pages\/23677","targetHints":{"allow":["GET"]}}],"collection":[{"href":"https:\/\/www.web-systems.pl\/de\/wp-json\/wp\/v2\/pages"}],"about":[{"href":"https:\/\/www.web-systems.pl\/de\/wp-json\/wp\/v2\/types\/page"}],"author":[{"embeddable":true,"href":"https:\/\/www.web-systems.pl\/de\/wp-json\/wp\/v2\/users\/1"}],"replies":[{"embeddable":true,"href":"https:\/\/www.web-systems.pl\/de\/wp-json\/wp\/v2\/comments?post=23677"}],"version-history":[{"count":5,"href":"https:\/\/www.web-systems.pl\/de\/wp-json\/wp\/v2\/pages\/23677\/revisions"}],"predecessor-version":[{"id":24472,"href":"https:\/\/www.web-systems.pl\/de\/wp-json\/wp\/v2\/pages\/23677\/revisions\/24472"}],"wp:featuredmedia":[{"embeddable":true,"href":"https:\/\/www.web-systems.pl\/de\/wp-json\/wp\/v2\/media\/23638"}],"wp:attachment":[{"href":"https:\/\/www.web-systems.pl\/de\/wp-json\/wp\/v2\/media?parent=23677"}],"curies":[{"name":"wp","href":"https:\/\/api.w.org\/{rel}","templated":true}]}}