{"id":23692,"date":"2023-12-21T08:30:04","date_gmt":"2023-12-21T07:30:04","guid":{"rendered":"https:\/\/www.web-systems.pl\/opinie\/"},"modified":"2025-04-22T13:42:42","modified_gmt":"2025-04-22T12:42:42","slug":"kundenbewertungen","status":"publish","type":"page","link":"https:\/\/www.web-systems.pl\/de\/kundenbewertungen\/","title":{"rendered":"Kundenbewertungen"},"content":{"rendered":"\t\t<div data-elementor-type=\"wp-page\" data-elementor-id=\"23692\" class=\"elementor elementor-23692 elementor-20357\" data-elementor-post-type=\"page\">\n\t\t\t\t<div class=\"elementor-element elementor-element-7413a16f e-con-full page-title-section e-flex e-con e-parent\" data-id=\"7413a16f\" data-element_type=\"container\" data-e-type=\"container\" data-settings=\"{&quot;background_background&quot;:&quot;classic&quot;}\">\n\t\t<div class=\"elementor-element elementor-element-214fade2 e-flex e-con-boxed e-con e-child\" data-id=\"214fade2\" data-element_type=\"container\" data-e-type=\"container\">\n\t\t\t\t\t<div class=\"e-con-inner\">\n\t\t\t\t<div class=\"elementor-element elementor-element-64ffa8a0 mb-0 elementor-widget elementor-widget-text-editor\" data-id=\"64ffa8a0\" data-element_type=\"widget\" data-e-type=\"widget\" data-widget_type=\"text-editor.default\">\n\t\t\t\t<div class=\"elementor-widget-container\">\n\t\t\t\t\t\t\t\t\t<div class=\"position-relative\"><h1>Kundenbewertungen<\/h1><div>\u00a0<\/div><\/div>\t\t\t\t\t\t\t\t<\/div>\n\t\t\t\t<\/div>\n\t\t\t\t<div class=\"elementor-element elementor-element-530528ef mb-0 elementor-widget elementor-widget-text-editor\" data-id=\"530528ef\" data-element_type=\"widget\" data-e-type=\"widget\" data-widget_type=\"text-editor.default\">\n\t\t\t\t<div class=\"elementor-widget-container\">\n\t\t\t\t\t\t\t\t\t<ul>\n \t<li><a href=\"https:\/\/www.web-systems.pl\/\">Startseite<\/a><\/li>\n \t<li>Kundenbewertungen\n<\/li>\n<\/ul>\t\t\t\t\t\t\t\t<\/div>\n\t\t\t\t<\/div>\n\t\t\t\t<div class=\"elementor-element elementor-element-d7eb134 elementor-widget elementor-widget-heading\" data-id=\"d7eb134\" data-element_type=\"widget\" data-e-type=\"widget\" data-widget_type=\"heading.default\">\n\t\t\t\t<div class=\"elementor-widget-container\">\n\t\t\t\t\t<span class=\"elementor-heading-title elementor-size-default\">M\u00f6chtest Du wissen, was unsere Kunden \u00fcber uns denken? Willst Du vor einer Zusammenarbeit sehen, wie wir bewertet werden? Perfekt. Lese die Meinungen unserer Kunden und nimm dann Kontakt mit uns auf - wenn Dir gef\u00e4llt, was andere \u00fcber uns denken!\n\n<\/span>\t\t\t\t<\/div>\n\t\t\t\t<\/div>\n\t\t\t\t\t<\/div>\n\t\t\t\t<\/div>\n\t\t\t\t<\/div>\n\t\t<div class=\"elementor-element elementor-element-08066ac e-flex e-con-boxed e-con e-parent\" data-id=\"08066ac\" data-element_type=\"container\" data-e-type=\"container\">\n\t\t\t\t\t<div class=\"e-con-inner\">\n\t\t\t\t<div class=\"elementor-element elementor-element-4efbd77 mb-0 elementor-invisible elementor-widget elementor-widget-text-editor\" data-id=\"4efbd77\" data-element_type=\"widget\" data-e-type=\"widget\" data-settings=\"{&quot;_animation&quot;:&quot;fadeIn&quot;,&quot;_animation_delay&quot;:200}\" data-widget_type=\"text-editor.default\">\n\t\t\t\t<div class=\"elementor-widget-container\">\n\t\t\t\t\t\t\t\t\t<div class=\"section-title mb-1-9 mb-md-6 text-center\"><p><span class=\"sm-title\">Kundenbewertungen<\/span><\/p><h2 class=\"mb-0 h1\">Was sagen sie \u00fcber uns?<\/h2><\/div>\t\t\t\t\t\t\t\t<\/div>\n\t\t\t\t<\/div>\n\t\t\t\t<div class=\"elementor-element elementor-element-9605c21 elementor-align-left elementor-widget elementor-widget-wl-testimonials-v1\" data-id=\"9605c21\" data-element_type=\"widget\" data-e-type=\"widget\" data-widget_type=\"wl-testimonials-v1.default\">\n\t\t\t\t<div class=\"elementor-widget-container\">\n\t\t\t\t\t\r\n        <div class=\"row gx-xxl-5 mt-n2-9\">\r\n\r\n        \t\r\n\t            <div class=\"col-md-6 col-lg-4 mt-2-9 wow fadeIn wow fadeIn\" data-wow-delay=\"200ms\">\r\n\t                <div class=\"testimonial-style1\">\r\n\t                    <div class=\"d-flex\">\r\n\t                        <div class=\"flex-shrink-0\">\r\n\t                        \t\t                            \t<img decoding=\"async\" src=\"https:\/\/web-systems.pl\/wp-content\/uploads\/2024\/01\/avatar-1-2.webp\" class=\"border-radius-10\" alt=\"Author Image\">\r\n\t                            \t                        <\/div>\r\n\t                        <div class=\"flex-grow-1 ms-4 pt-4\">\r\n\t                        \t\t                            \t<h4 class=\"h5 mb-1\">Remigiusz Kacieja<\/h4>\r\n\t                            \r\n\t                            \t                            \t<small>www.drewnianysklep.pl<\/small>\r\n\t                            \t                        <\/div>\r\n\t                    <\/div>\r\n\t                    <div class=\"testi-text\">\r\n\t                    \t\t\t                    \t<i class=\"fa-solid fa-quote-right icon\"><\/i>\t\t                    \r\n\t\t                    \t                        \t<div class=\"item-desc\">Dank der Unterst\u00fctzung von Web Systems sieht unser Online-Shop nicht nur gro\u00dfartig aus, sondern generiert auch mehr Verkehr und Conversions dank ma\u00dfgeschneiderter Anwendungen. Das Team von Web Systems ist nicht nur \u00e4u\u00dferst kompetent, sondern auch freundlich und immer bereit, in jeder Situation zu helfen.<\/div>\r\n\t                        \t                    <\/div>\r\n\t                <\/div>\r\n\t            <\/div>\r\n\r\n            \r\n\t            <div class=\"col-md-6 col-lg-4 mt-2-9 wow fadeIn wow fadeIn\" data-wow-delay=\"200ms\">\r\n\t                <div class=\"testimonial-style1\">\r\n\t                    <div class=\"d-flex\">\r\n\t                        <div class=\"flex-shrink-0\">\r\n\t                        \t\t                            \t<img decoding=\"async\" src=\"https:\/\/www.web-systems.pl\/wp-content\/uploads\/2024\/01\/avatar-6-2.webp\" class=\"border-radius-10\" alt=\"Author Image\">\r\n\t                            \t                        <\/div>\r\n\t                        <div class=\"flex-grow-1 ms-4 pt-4\">\r\n\t                        \t\t                            \t<h4 class=\"h5 mb-1\">Ma\u0142gorzata Grobelna<\/h4>\r\n\t                            \r\n\t                            \t                            \t<small>www.inspire.com.pl<\/small>\r\n\t                            \t                        <\/div>\r\n\t                    <\/div>\r\n\t                    <div class=\"testi-text\">\r\n\t                    \t\t\t                    \t<i class=\"fa-solid fa-quote-right icon\"><\/i>\t\t                    \r\n\t\t                    \t                        \t<div class=\"item-desc\">Krzysztof Balicki hat einen ausgezeichneten Umgang mit Kunden, und die Zusammenarbeit mit ihm war in jeder Phase der Entwicklung unserer neuen Firmenwebsite sehr angenehm. Ich habe auch keine Bedenken hinsichtlich der Kompetenz der anderen Mitglieder des Web Systems-Teams.<\/div>\r\n\t                        \t                    <\/div>\r\n\t                <\/div>\r\n\t            <\/div>\r\n\r\n            \r\n\t            <div class=\"col-md-6 col-lg-4 mt-2-9 wow fadeIn wow fadeIn\" data-wow-delay=\"400ms\">\r\n\t                <div class=\"testimonial-style1\">\r\n\t                    <div class=\"d-flex\">\r\n\t                        <div class=\"flex-shrink-0\">\r\n\t                        \t\t                            \t<img decoding=\"async\" src=\"https:\/\/web-systems.pl\/wp-content\/uploads\/2024\/01\/avatar-1-2.webp\" class=\"border-radius-10\" alt=\"Author Image\">\r\n\t                            \t                        <\/div>\r\n\t                        <div class=\"flex-grow-1 ms-4 pt-4\">\r\n\t                        \t\t                            \t<h4 class=\"h5 mb-1\">Piotr Matczak<\/h4>\r\n\t                            \r\n\t                            \t                            \t<small>www.rokita.biz<\/small>\r\n\t                            \t                        <\/div>\r\n\t                    <\/div>\r\n\t                    <div class=\"testi-text\">\r\n\t                    \t\t\t                    \t<i class=\"fa-solid fa-quote-right icon\"><\/i>\t\t                    \r\n\t\t                    \t                        \t<div class=\"item-desc\">Monatelang war unsere Website in der Google-Suche \u00fcberhaupt nicht sichtbar und generierte keine neuen Anfragen f\u00fcr Renovierungs- und Bauleistungen. Nachdem wir mit Web Systems zusammengearbeitet haben, \u00e4nderte sich die Situation innerhalb weniger Wochen. Ich kann ihre Dienstleistungen w\u00e4rmstens empfehlen.<\/div>\r\n\t                        \t                    <\/div>\r\n\t                <\/div>\r\n\t            <\/div>\r\n\r\n            \r\n\t            <div class=\"col-md-6 col-lg-4 mt-2-9 wow fadeIn wow fadeIn\" data-wow-delay=\"600ms\">\r\n\t                <div class=\"testimonial-style1\">\r\n\t                    <div class=\"d-flex\">\r\n\t                        <div class=\"flex-shrink-0\">\r\n\t                        \t\t                            \t<img decoding=\"async\" src=\"https:\/\/web-systems.pl\/wp-content\/uploads\/2024\/01\/avatar-6-2.webp\" class=\"border-radius-10\" alt=\"Author Image\">\r\n\t                            \t                        <\/div>\r\n\t                        <div class=\"flex-grow-1 ms-4 pt-4\">\r\n\t                        \t\t                            \t<h4 class=\"h5 mb-1\">Natalia Pietrzak<\/h4>\r\n\t                            \r\n\t                            \t                            \t<small>www.soligrano.pl<\/small>\r\n\t                            \t                        <\/div>\r\n\t                    <\/div>\r\n\t                    <div class=\"testi-text\">\r\n\t                    \t\t\t                    \t<i class=\"fa-solid fa-quote-right icon\"><\/i>\t\t                    \r\n\t\t                    \t                        \t<div class=\"item-desc\">Web Systems ist ein zuverl\u00e4ssiger Partner in der Entwicklung unseres Online-Gesch\u00e4fts. Ihr Professionalismus, ihre schnelle Reaktionsf\u00e4higkeit und ihr individueller Ansatz gegen\u00fcber den Kunden sorgen daf\u00fcr, dass wir in jeder Phase unserer Zusammenarbeit gut betreut werden.<\/div>\r\n\t                        \t                    <\/div>\r\n\t                <\/div>\r\n\t            <\/div>\r\n\r\n            \r\n\t            <div class=\"col-md-6 col-lg-4 mt-2-9 wow fadeIn wow fadeIn\" data-wow-delay=\"600ms\">\r\n\t                <div class=\"testimonial-style1\">\r\n\t                    <div class=\"d-flex\">\r\n\t                        <div class=\"flex-shrink-0\">\r\n\t                        \t\t                            \t<img decoding=\"async\" src=\"https:\/\/web-systems.pl\/wp-content\/uploads\/2024\/01\/avatar-6-2.webp\" class=\"border-radius-10\" alt=\"Author Image\">\r\n\t                            \t                        <\/div>\r\n\t                        <div class=\"flex-grow-1 ms-4 pt-4\">\r\n\t                        \t\t                            \t<h4 class=\"h5 mb-1\">Yana Shylka<\/h4>\r\n\t                            \r\n\t                            \t                            \t<small>www.greenrealty.pl<\/small>\r\n\t                            \t                        <\/div>\r\n\t                    <\/div>\r\n\t                    <div class=\"testi-text\">\r\n\t                    \t\t\t                    \t<i class=\"fa-solid fa-quote-right icon\"><\/i>\t\t                    \r\n\t\t                    \t                        \t<div class=\"item-desc\">Web Systems hat uns au\u00dfergew\u00f6hnliche L\u00f6sungen geliefert, die unsere Online-Sichtbarkeit erheblich erh\u00f6ht und das Erlebnis f\u00fcr unsere Kunden, die nach Immobilien in Spanien suchen, verbessert haben.<\/div>\r\n\t                        \t                    <\/div>\r\n\t                <\/div>\r\n\t            <\/div>\r\n\r\n            \r\n        <\/div>\r\n\r\n\t\t\t\t\t<\/div>\n\t\t\t\t<\/div>\n\t\t\t\t\t<\/div>\n\t\t\t\t<\/div>\n\t\t\t\t<\/div>\n\t\t","protected":false},"excerpt":{"rendered":"<p>Kundenbewertungen \u00a0 Startseite Kundenbewertungen M\u00f6chtest Du wissen, was unsere Kunden \u00fcber uns denken? Willst Du vor einer Zusammenarbeit sehen, wie wir bewertet werden? Perfekt. Lese die Meinungen unserer Kunden und nimm dann Kontakt mit uns auf &#8211; wenn Dir gef\u00e4llt, was andere \u00fcber uns denken! Kundenbewertungen Was sagen sie \u00fcber uns? Remigiusz Kacieja www.drewnianysklep.pl Dank [&hellip;]<\/p>\n","protected":false},"author":1,"featured_media":0,"parent":0,"menu_order":0,"comment_status":"closed","ping_status":"closed","template":"elementor_header_footer","meta":{"_acf_changed":false,"footnotes":""},"class_list":["post-23692","page","type-page","status-publish","hentry"],"acf":[],"_links":{"self":[{"href":"https:\/\/www.web-systems.pl\/de\/wp-json\/wp\/v2\/pages\/23692","targetHints":{"allow":["GET"]}}],"collection":[{"href":"https:\/\/www.web-systems.pl\/de\/wp-json\/wp\/v2\/pages"}],"about":[{"href":"https:\/\/www.web-systems.pl\/de\/wp-json\/wp\/v2\/types\/page"}],"author":[{"embeddable":true,"href":"https:\/\/www.web-systems.pl\/de\/wp-json\/wp\/v2\/users\/1"}],"replies":[{"embeddable":true,"href":"https:\/\/www.web-systems.pl\/de\/wp-json\/wp\/v2\/comments?post=23692"}],"version-history":[{"count":5,"href":"https:\/\/www.web-systems.pl\/de\/wp-json\/wp\/v2\/pages\/23692\/revisions"}],"predecessor-version":[{"id":27567,"href":"https:\/\/www.web-systems.pl\/de\/wp-json\/wp\/v2\/pages\/23692\/revisions\/27567"}],"wp:attachment":[{"href":"https:\/\/www.web-systems.pl\/de\/wp-json\/wp\/v2\/media?parent=23692"}],"curies":[{"name":"wp","href":"https:\/\/api.w.org\/{rel}","templated":true}]}}