{"id":23701,"date":"2023-12-19T08:31:21","date_gmt":"2023-12-19T07:31:21","guid":{"rendered":"https:\/\/www.web-systems.pl\/polityka-prywatnosci\/"},"modified":"2024-03-19T11:25:35","modified_gmt":"2024-03-19T10:25:35","slug":"datenschutzrichtlinie","status":"publish","type":"page","link":"https:\/\/www.web-systems.pl\/de\/datenschutzrichtlinie\/","title":{"rendered":"Datenschutzrichtlinie"},"content":{"rendered":"\t\t<div data-elementor-type=\"wp-page\" data-elementor-id=\"23701\" class=\"elementor elementor-23701 elementor-3\" data-elementor-post-type=\"page\">\n\t\t\t\t<div class=\"elementor-element elementor-element-2f1c5e79 e-con-full page-title-section e-flex e-con e-parent\" data-id=\"2f1c5e79\" data-element_type=\"container\" data-e-type=\"container\" data-settings=\"{&quot;background_background&quot;:&quot;classic&quot;}\">\n\t\t<div class=\"elementor-element elementor-element-a141d18 e-flex e-con-boxed e-con e-child\" data-id=\"a141d18\" data-element_type=\"container\" data-e-type=\"container\">\n\t\t\t\t\t<div class=\"e-con-inner\">\n\t\t\t\t<div class=\"elementor-element elementor-element-6d47751b elementor-widget elementor-widget-breadcrumbs\" data-id=\"6d47751b\" data-element_type=\"widget\" data-e-type=\"widget\" data-widget_type=\"breadcrumbs.default\">\n\t\t\t\t<div class=\"elementor-widget-container\">\n\t\t\t\t\t<nav><span class=\"last\">Startseite<\/span><\/nav>\t\t\t\t<\/div>\n\t\t\t\t<\/div>\n\t\t\t\t\t<\/div>\n\t\t\t\t<\/div>\n\t\t\t\t<\/div>\n\t\t<div class=\"elementor-element elementor-element-76649e1 e-flex e-con-boxed elementor-invisible e-con e-parent\" data-id=\"76649e1\" data-element_type=\"container\" data-e-type=\"container\" data-settings=\"{&quot;animation&quot;:&quot;fadeInUp&quot;,&quot;animation_delay&quot;:200}\">\n\t\t\t\t\t<div class=\"e-con-inner\">\n\t\t\t\t<div class=\"elementor-element elementor-element-9b02ecc elementor-widget elementor-widget-text-editor\" data-id=\"9b02ecc\" data-element_type=\"widget\" data-e-type=\"widget\" data-widget_type=\"text-editor.default\">\n\t\t\t\t<div class=\"elementor-widget-container\">\n\t\t\t\t\t\t\t\t\t<h2>Was sind Cookies und wie werden sie von uns verwendet?<\/h2><p>Cookies sind kleine Textinformationen, die von einem Webserver gesendet und auf Ihrem Computer (oder einem anderen Ger\u00e4t, das Sie verwenden) gespeichert werden.<\/p><p>Die Privatsph\u00e4re der Nutzer von <strong>old.web-systems.pl<\/strong> ist uns besonders wichtig. Wir verkaufen niemals Daten oder geben sie an Dritte weiter. Unsere Website erm\u00f6glicht Drittanbietern (z.B. Google) die Verwendung von Cookies zu statistischen Zwecken.<\/p><p>Sie k\u00f6nnen entscheiden, ob Sie m\u00f6chten, dass Cookies auf Ihrem Ger\u00e4t gespeichert werden. Sie k\u00f6nnen Cookies in den Optionen Ihres Webbrowsers deaktivieren oder vollst\u00e4ndig ausschalten. Das Deaktivieren von Cookies kann jedoch dazu f\u00fchren, dass Sie nicht alle Optionen unseres Dienstes vollst\u00e4ndig nutzen k\u00f6nnen.<\/p>\t\t\t\t\t\t\t\t<\/div>\n\t\t\t\t<\/div>\n\t\t\t\t\t<\/div>\n\t\t\t\t<\/div>\n\t\t\t\t<\/div>\n\t\t","protected":false},"excerpt":{"rendered":"<p>Was sind Cookies und wie werden sie von uns verwendet? Cookies sind kleine Textinformationen, die von einem Webserver gesendet und auf Ihrem Computer (oder einem anderen Ger\u00e4t, das Sie verwenden) gespeichert werden. Die Privatsph\u00e4re der Nutzer von old.web-systems.pl ist uns besonders wichtig. Wir verkaufen niemals Daten oder geben sie an Dritte weiter. Unsere Website erm\u00f6glicht [&hellip;]<\/p>\n","protected":false},"author":1,"featured_media":23614,"parent":0,"menu_order":0,"comment_status":"closed","ping_status":"open","template":"elementor_header_footer","meta":{"_acf_changed":false,"footnotes":""},"class_list":["post-23701","page","type-page","status-publish","has-post-thumbnail","hentry"],"acf":[],"_links":{"self":[{"href":"https:\/\/www.web-systems.pl\/de\/wp-json\/wp\/v2\/pages\/23701","targetHints":{"allow":["GET"]}}],"collection":[{"href":"https:\/\/www.web-systems.pl\/de\/wp-json\/wp\/v2\/pages"}],"about":[{"href":"https:\/\/www.web-systems.pl\/de\/wp-json\/wp\/v2\/types\/page"}],"author":[{"embeddable":true,"href":"https:\/\/www.web-systems.pl\/de\/wp-json\/wp\/v2\/users\/1"}],"replies":[{"embeddable":true,"href":"https:\/\/www.web-systems.pl\/de\/wp-json\/wp\/v2\/comments?post=23701"}],"version-history":[{"count":2,"href":"https:\/\/www.web-systems.pl\/de\/wp-json\/wp\/v2\/pages\/23701\/revisions"}],"predecessor-version":[{"id":23848,"href":"https:\/\/www.web-systems.pl\/de\/wp-json\/wp\/v2\/pages\/23701\/revisions\/23848"}],"wp:featuredmedia":[{"embeddable":true,"href":"https:\/\/www.web-systems.pl\/de\/wp-json\/wp\/v2\/media\/23614"}],"wp:attachment":[{"href":"https:\/\/www.web-systems.pl\/de\/wp-json\/wp\/v2\/media?parent=23701"}],"curies":[{"name":"wp","href":"https:\/\/api.w.org\/{rel}","templated":true}]}}