{"id":23132,"date":"2024-01-02T14:32:49","date_gmt":"2024-01-02T13:32:49","guid":{"rendered":"https:\/\/www.web-systems.pl\/kontakt\/"},"modified":"2026-01-13T14:29:51","modified_gmt":"2026-01-13T13:29:51","slug":"contact","status":"publish","type":"page","link":"https:\/\/www.web-systems.pl\/en\/contact\/","title":{"rendered":"Contact"},"content":{"rendered":"\t\t<div data-elementor-type=\"wp-page\" data-elementor-id=\"23132\" class=\"elementor elementor-23132 elementor-21033\" data-elementor-post-type=\"page\">\n\t\t\t\t<div class=\"elementor-element elementor-element-1791015 e-con-full page-title-section e-flex e-con e-parent\" data-id=\"1791015\" data-element_type=\"container\" data-e-type=\"container\" data-settings=\"{&quot;background_background&quot;:&quot;classic&quot;}\">\n\t\t<div class=\"elementor-element elementor-element-1270bffc e-flex e-con-boxed e-con e-child\" data-id=\"1270bffc\" data-element_type=\"container\" data-e-type=\"container\">\n\t\t\t\t\t<div class=\"e-con-inner\">\n\t\t\t\t<div class=\"elementor-element elementor-element-2dae49ea elementor-widget elementor-widget-breadcrumbs\" data-id=\"2dae49ea\" data-element_type=\"widget\" data-e-type=\"widget\" data-widget_type=\"breadcrumbs.default\">\n\t\t\t\t<div class=\"elementor-widget-container\">\n\t\t\t\t\t<nav><span class=\"last\">Home<\/span><\/nav>\t\t\t\t<\/div>\n\t\t\t\t<\/div>\n\t\t\t\t\t<\/div>\n\t\t\t\t<\/div>\n\t\t\t\t<\/div>\n\t\t<div class=\"elementor-element elementor-element-0b9b41f e-flex e-con-boxed e-con e-parent\" data-id=\"0b9b41f\" data-element_type=\"container\" data-e-type=\"container\">\n\t\t\t\t\t<div class=\"e-con-inner\">\n\t\t<div class=\"elementor-element elementor-element-ba21775 contact-us e-con-full e-flex e-con e-child\" data-id=\"ba21775\" data-element_type=\"container\" data-e-type=\"container\">\n\t\t<div class=\"elementor-element elementor-element-40f9a9e e-con-full e-flex e-con e-child\" data-id=\"40f9a9e\" data-element_type=\"container\" data-e-type=\"container\">\n\t\t<div class=\"elementor-element elementor-element-05515ff e-con-full e-flex e-con e-child\" data-id=\"05515ff\" data-element_type=\"container\" data-e-type=\"container\">\n\t\t\t\t<div class=\"elementor-element elementor-element-0d5a369 mb-0 elementor-widget elementor-widget-text-editor\" data-id=\"0d5a369\" data-element_type=\"widget\" data-e-type=\"widget\" data-widget_type=\"text-editor.default\">\n\t\t\t\t<div class=\"elementor-widget-container\">\n\t\t\t\t\t\t\t\t\t<h2 class=\"text-secondary mb-4 h1\">Leave Us a Message<\/h2>\n\t\t\t\t\t\t\t\t<\/div>\n\t\t\t\t<\/div>\n\t\t\t\t<div class=\"elementor-element elementor-element-3a393dc elementor-widget elementor-widget-shortcode\" data-id=\"3a393dc\" data-element_type=\"widget\" data-e-type=\"widget\" data-widget_type=\"shortcode.default\">\n\t\t\t\t<div class=\"elementor-widget-container\">\n\t\t\t\t\t\t\t<div class=\"elementor-shortcode\">\n<div class=\"wpcf7 no-js\" id=\"wpcf7-f24462-o1\" lang=\"en-US\" dir=\"ltr\" data-wpcf7-id=\"24462\">\n<div class=\"screen-reader-response\"><p role=\"status\" aria-live=\"polite\" aria-atomic=\"true\"><\/p> <ul><\/ul><\/div>\n<form action=\"\/en\/wp-json\/wp\/v2\/pages\/23132#wpcf7-f24462-o1\" method=\"post\" class=\"wpcf7-form init\" aria-label=\"Contact form\" novalidate=\"novalidate\" data-status=\"init\">\n<fieldset class=\"hidden-fields-container\"><input type=\"hidden\" name=\"_wpcf7\" value=\"24462\" \/><input type=\"hidden\" name=\"_wpcf7_version\" value=\"6.1.5\" \/><input type=\"hidden\" name=\"_wpcf7_locale\" value=\"en_US\" \/><input type=\"hidden\" name=\"_wpcf7_unit_tag\" value=\"wpcf7-f24462-o1\" \/><input type=\"hidden\" name=\"_wpcf7_container_post\" value=\"0\" \/><input type=\"hidden\" name=\"_wpcf7_posted_data_hash\" value=\"\" \/><input type=\"hidden\" name=\"_wpcf7_recaptcha_response\" value=\"\" \/>\n<\/fieldset>\n<div class=\"quform\">\n\t<div class=\"quform-elements\">\n\t\t<div class=\"row\">\n\t\t\t<div class=\"col-md-6\">\n\t\t\t\t<div class=\"quform-element form-group\">\n\t\t\t\t\t<p><label>Name <span class=\"quform-required\">(required)<\/span><\/label>\n\t\t\t\t\t<\/p>\n\t\t\t\t\t<div class=\"quform-input\">\n\t\t\t\t\t\t<p><span class=\"wpcf7-form-control-wrap\" data-name=\"your-name\"><input size=\"40\" maxlength=\"400\" class=\"wpcf7-form-control wpcf7-text wpcf7-validates-as-required form-control\" aria-required=\"true\" aria-invalid=\"false\" placeholder=\"Name\" value=\"\" type=\"text\" name=\"your-name\" \/><\/span>\n\t\t\t\t\t\t<\/p>\n\t\t\t\t\t<\/div>\n\t\t\t\t<\/div>\n\t\t\t<\/div>\n\t\t\t<div class=\"col-md-6\">\n\t\t\t\t<div class=\"quform-element form-group\">\n\t\t\t\t\t<p><label>Email Address <span class=\"quform-required\">(required)<\/span><\/label>\n\t\t\t\t\t<\/p>\n\t\t\t\t\t<div class=\"quform-input\">\n\t\t\t\t\t\t<p><span class=\"wpcf7-form-control-wrap\" data-name=\"your-email\"><input size=\"40\" maxlength=\"400\" class=\"wpcf7-form-control wpcf7-email wpcf7-validates-as-required wpcf7-text wpcf7-validates-as-email form-control\" aria-required=\"true\" aria-invalid=\"false\" placeholder=\"Email\" value=\"\" type=\"email\" name=\"your-email\" \/><\/span>\n\t\t\t\t\t\t<\/p>\n\t\t\t\t\t<\/div>\n\t\t\t\t<\/div>\n\t\t\t<\/div>\n\t\t\t<div class=\"col-md-6\">\n\t\t\t\t<div class=\"quform-element form-group\">\n\t\t\t\t\t<p><label>Website<\/label>\n\t\t\t\t\t<\/p>\n\t\t\t\t\t<div class=\"quform-input\">\n\t\t\t\t\t\t<p><span class=\"wpcf7-form-control-wrap\" data-name=\"your-www\"><input size=\"40\" maxlength=\"400\" class=\"wpcf7-form-control wpcf7-text form-control\" aria-invalid=\"false\" placeholder=\"Website\" value=\"\" type=\"text\" name=\"your-www\" \/><\/span>\n\t\t\t\t\t\t<\/p>\n\t\t\t\t\t<\/div>\n\t\t\t\t<\/div>\n\t\t\t<\/div>\n\t\t\t<div class=\"col-md-6\">\n\t\t\t\t<div class=\"quform-element form-group\">\n\t\t\t\t\t<p><label>Phone number<\/label>\n\t\t\t\t\t<\/p>\n\t\t\t\t\t<div class=\"quform-input\">\n\t\t\t\t\t\t<p><span class=\"wpcf7-form-control-wrap\" data-name=\"your-phone\"><input class=\"wpcf7-form-control wpcf7-number wpcf7-validates-as-number form-control\" aria-invalid=\"false\" placeholder=\"Phone number\" value=\"\" type=\"number\" name=\"your-phone\" \/><\/span>\n\t\t\t\t\t\t<\/p>\n\t\t\t\t\t<\/div>\n\t\t\t\t<\/div>\n\t\t\t<\/div>\n\t\t\t<div class=\"col-md-12\">\n\t\t\t\t<div class=\"quform-element form-group\">\n\t\t\t\t\t<p><label>Subject <span class=\"quform-required\">(required)<\/span><\/label>\n\t\t\t\t\t<\/p>\n\t\t\t\t\t<div class=\"quform-input\">\n\t\t\t\t\t\t<p><span class=\"wpcf7-form-control-wrap\" data-name=\"your-subject\"><input size=\"40\" maxlength=\"400\" class=\"wpcf7-form-control wpcf7-text wpcf7-validates-as-required form-control\" aria-required=\"true\" aria-invalid=\"false\" placeholder=\"Subject\" value=\"\" type=\"text\" name=\"your-subject\" \/><\/span>\n\t\t\t\t\t\t<\/p>\n\t\t\t\t\t<\/div>\n\t\t\t\t<\/div>\n\t\t\t<\/div>\n\t\t\t<div class=\"col-md-12\">\n\t\t\t\t<div class=\"quform-element form-group\">\n\t\t\t\t\t<p><label>Message <span class=\"quform-required\">(required)<\/span><\/label>\n\t\t\t\t\t<\/p>\n\t\t\t\t\t<div class=\"quform-input\">\n\t\t\t\t\t\t<p><span class=\"wpcf7-form-control-wrap\" data-name=\"your-message\"><textarea cols=\"40\" rows=\"5\" maxlength=\"2000\" class=\"wpcf7-form-control wpcf7-textarea wpcf7-validates-as-required form-control\" aria-required=\"true\" aria-invalid=\"false\" placeholder=\"Write message\" name=\"your-message\"><\/textarea><\/span>\n\t\t\t\t\t\t<\/p>\n\t\t\t\t\t<\/div>\n\t\t\t\t<\/div>\n\t\t\t<\/div>\n\t\t\t<div class=\"col-md-12\">\n\t\t\t\t<p><span class=\"wpcf7-form-control-wrap\" data-name=\"acceptance-585\"><span class=\"wpcf7-form-control wpcf7-acceptance\"><span class=\"wpcf7-list-item\"><label><input type=\"checkbox\" name=\"acceptance-585\" value=\"1\" aria-invalid=\"false\" \/><span class=\"wpcf7-list-item-label\">I consent to the processing of personal data in accordance with the Data Protection Act for the purpose of processing the inquiry. Providing personal data is voluntary. I have been informed that I have the right to access my data, the possibility of correcting it, and requesting to stop processing it. The administrator of personal data is Web Systems, Bursztynowa 4, 95-020 Jan\u00f3wka.<\/span><\/label><\/span><\/span><\/span>\n\t\t\t\t<\/p>\n\t\t\t\t<div class=\"quform-submit-inner\">\n\t\t\t\t\t<p><input class=\"wpcf7-form-control wpcf7-submit has-spinner\" type=\"submit\" value=\"Wy\u015blij\" \/>\n\t\t\t\t\t<\/p>\n\t\t\t\t<\/div>\n\t\t\t<\/div>\n\t\t<\/div>\n\t<\/div>\n<\/div><div class=\"wpcf7-response-output\" aria-hidden=\"true\"><\/div>\n<\/form>\n<\/div>\n<\/div>\n\t\t\t\t\t\t<\/div>\n\t\t\t\t<\/div>\n\t\t\t\t<\/div>\n\t\t<div class=\"elementor-element elementor-element-4d5137d contact-details mt-5 ms-xl-5 e-con-full e-flex e-con e-child\" data-id=\"4d5137d\" data-element_type=\"container\" data-e-type=\"container\">\n\t\t\t\t<div class=\"elementor-element elementor-element-933225c mb-0 elementor-widget elementor-widget-text-editor\" data-id=\"933225c\" data-element_type=\"widget\" data-e-type=\"widget\" data-widget_type=\"text-editor.default\">\n\t\t\t\t<div class=\"elementor-widget-container\">\n\t\t\t\t\t\t\t\t\t<div class=\"section-title mb-1-9\"><span class=\"sm-title\">Contact<\/span><\/p>\n<h2 class=\"h4 text-white\">Our Contact Details<\/h2>\n<\/div>\n\t\t\t\t\t\t\t\t<\/div>\n\t\t\t\t<\/div>\n\t\t\t\t<div class=\"elementor-element elementor-element-f104005 mb-0 elementor-widget elementor-widget-text-editor\" data-id=\"f104005\" data-element_type=\"widget\" data-e-type=\"widget\" data-widget_type=\"text-editor.default\">\n\t\t\t\t<div class=\"elementor-widget-container\">\n\t\t\t\t\t\t\t\t\t<div class=\"contact-info\"><div class=\"contacts-icon\"><div class=\"contacts-icon\"><div class=\"contacts-icon\"><img decoding=\"async\" src=\"https:\/\/www.web-systems.pl\/wp-content\/uploads\/2025\/07\/04-1.png\" alt=\"...\" \/><\/div><\/div><\/div><div class=\"contacts-title\"><h5 class=\"text-white font-weight-600 display-28\">Send an E-Mail<\/h5><h6 class=\"text-white font-weight-400\">biuro@web-systems.pl<\/h6><\/div><\/div>\t\t\t\t\t\t\t\t<\/div>\n\t\t\t\t<\/div>\n\t\t\t\t<div class=\"elementor-element elementor-element-fe9f690 mb-0 elementor-widget elementor-widget-text-editor\" data-id=\"fe9f690\" data-element_type=\"widget\" data-e-type=\"widget\" data-widget_type=\"text-editor.default\">\n\t\t\t\t<div class=\"elementor-widget-container\">\n\t\t\t\t\t\t\t\t\t<div class=\"contact-info upper2\"><div class=\"contacts-icon\"><div class=\"contacts-icon\"><img decoding=\"async\" src=\"https:\/\/www.web-systems.pl\/wp-content\/uploads\/2025\/07\/03-1.png\" alt=\"...\" \/><\/div><div class=\"contacts-title\"><h5 class=\"text-white font-weight-600 display-28\">\u00a0<\/h5><\/div><\/div><div class=\"contacts-title\"><h5 class=\"text-white font-weight-600 display-28\">Location<\/h5><h6 class=\"text-white font-weight-400\">Ul. Gen. Jaros\u0142awa D\u0105browskiego 249\/local 23<br \/>93-231 \u0141\u00f3d\u017a<\/h6><\/div><\/div>\t\t\t\t\t\t\t\t<\/div>\n\t\t\t\t<\/div>\n\t\t\t\t<\/div>\n\t\t\t\t<\/div>\n\t\t\t\t<\/div>\n\t\t\t\t\t<\/div>\n\t\t\t\t<\/div>\n\t\t<div class=\"elementor-element elementor-element-051a47d e-flex e-con-boxed e-con e-parent\" data-id=\"051a47d\" data-element_type=\"container\" data-e-type=\"container\">\n\t\t\t\t\t<div class=\"e-con-inner\">\n\t\t\t\t<div class=\"elementor-element elementor-element-b423a2a elementor-align-left elementor-widget elementor-widget-wl-map\" data-id=\"b423a2a\" data-element_type=\"widget\" data-e-type=\"widget\" data-widget_type=\"wl-map.default\">\n\t\t\t\t<div class=\"elementor-widget-container\">\n\t\t\t\t\t\r\n        <section class=\"p-0\">\r\n            <div class=\"container-fuild\">\r\n            \t                \t<iframe class=\"contact-map\" id=\"gmap_canvas\" src=\"https:\/\/www.google.com\/maps\/embed?pb=!1m14!1m8!1m3!1d9883.777752181533!2d19.5262207!3d51.7340516!3m2!1i1024!2i768!4f13.1!3m3!1m2!1s0x471bcab0ba62d859%3A0x88a13c1c8f9478b1!2sWeb%20Systems!5e0!3m2!1sen!2spl!4v1704202959090!5m2!1sen!2spl\"><\/iframe>\r\n                            <\/div>\r\n        <\/section>\r\n\r\n\t\t\t\t\t<\/div>\n\t\t\t\t<\/div>\n\t\t\t\t\t<\/div>\n\t\t\t\t<\/div>\n\t\t\t\t<\/div>\n\t\t","protected":false},"excerpt":{"rendered":"<p>Strona g\u0142\u00f3wna Leave Us a Message Contact Our Contact Details Send an E-Mail biuro@web-systems.pl \u00a0 Location Ul. Gen. Jaros\u0142awa D\u0105browskiego 249\/local 2393-231 \u0141\u00f3d\u017a<\/p>\n","protected":false},"author":1,"featured_media":21750,"parent":0,"menu_order":0,"comment_status":"closed","ping_status":"closed","template":"elementor_header_footer","meta":{"_acf_changed":false,"footnotes":""},"class_list":["post-23132","page","type-page","status-publish","has-post-thumbnail","hentry"],"acf":[],"_links":{"self":[{"href":"https:\/\/www.web-systems.pl\/en\/wp-json\/wp\/v2\/pages\/23132","targetHints":{"allow":["GET"]}}],"collection":[{"href":"https:\/\/www.web-systems.pl\/en\/wp-json\/wp\/v2\/pages"}],"about":[{"href":"https:\/\/www.web-systems.pl\/en\/wp-json\/wp\/v2\/types\/page"}],"author":[{"embeddable":true,"href":"https:\/\/www.web-systems.pl\/en\/wp-json\/wp\/v2\/users\/1"}],"replies":[{"embeddable":true,"href":"https:\/\/www.web-systems.pl\/en\/wp-json\/wp\/v2\/comments?post=23132"}],"version-history":[{"count":12,"href":"https:\/\/www.web-systems.pl\/en\/wp-json\/wp\/v2\/pages\/23132\/revisions"}],"predecessor-version":[{"id":27984,"href":"https:\/\/www.web-systems.pl\/en\/wp-json\/wp\/v2\/pages\/23132\/revisions\/27984"}],"wp:featuredmedia":[{"embeddable":true,"href":"https:\/\/www.web-systems.pl\/en\/wp-json\/wp\/v2\/media\/21750"}],"wp:attachment":[{"href":"https:\/\/www.web-systems.pl\/en\/wp-json\/wp\/v2\/media?parent=23132"}],"curies":[{"name":"wp","href":"https:\/\/api.w.org\/{rel}","templated":true}]}}