{"id":23136,"date":"2021-10-20T05:42:45","date_gmt":"2021-10-20T04:42:45","guid":{"rendered":"https:\/\/www.web-systems.pl\/zespol\/"},"modified":"2025-02-14T15:30:28","modified_gmt":"2025-02-14T14:30:28","slug":"our-team","status":"publish","type":"page","link":"https:\/\/www.web-systems.pl\/en\/our-team\/","title":{"rendered":"Our team"},"content":{"rendered":"\t\t<div data-elementor-type=\"wp-page\" data-elementor-id=\"23136\" class=\"elementor elementor-23136 elementor-5803\" data-elementor-post-type=\"page\">\n\t\t\t\t<div class=\"elementor-element elementor-element-604cc3f8 e-con-full page-title-section e-flex e-con e-parent\" data-id=\"604cc3f8\" data-element_type=\"container\" data-e-type=\"container\" data-settings=\"{&quot;background_background&quot;:&quot;classic&quot;}\">\n\t\t<div class=\"elementor-element elementor-element-747a9332 e-flex e-con-boxed e-con e-child\" data-id=\"747a9332\" data-element_type=\"container\" data-e-type=\"container\">\n\t\t\t\t\t<div class=\"e-con-inner\">\n\t\t\t\t<div class=\"elementor-element elementor-element-48c6e4a elementor-widget elementor-widget-text-editor\" data-id=\"48c6e4a\" data-element_type=\"widget\" data-e-type=\"widget\" data-widget_type=\"text-editor.default\">\n\t\t\t\t<div class=\"elementor-widget-container\">\n\t\t\t\t\t\t\t\t\t<ul>\n \t<li><a href=\"https:\/\/web-systems.pl\">Home<\/a><\/li>\n \t<li>Team<\/li>\n<\/ul>\t\t\t\t\t\t\t\t<\/div>\n\t\t\t\t<\/div>\n\t\t\t\t\t<\/div>\n\t\t\t\t<\/div>\n\t\t\t\t<\/div>\n\t\t<div class=\"elementor-element elementor-element-86475d1 e-flex e-con-boxed e-con e-parent\" data-id=\"86475d1\" data-element_type=\"container\" data-e-type=\"container\">\n\t\t\t\t\t<div class=\"e-con-inner\">\n\t\t<div class=\"elementor-element elementor-element-c8e47e4 e-con-full e-flex e-con e-child\" data-id=\"c8e47e4\" data-element_type=\"container\" data-e-type=\"container\">\n\t\t\t\t<div class=\"elementor-element elementor-element-8d62e18 elementor-align-left elementor-widget elementor-widget-wl-team-v1\" data-id=\"8d62e18\" data-element_type=\"widget\" data-e-type=\"widget\" id=\"team-grid\" data-widget_type=\"wl-team-v1.default\">\n\t\t\t\t<div class=\"elementor-widget-container\">\n\t\t\t\t\t\r\n        <div class=\"row mt-n2-9 g-5\">\r\n\r\n        \t\r\n\t            <div class=\"col-md-6 col-lg-4 mt-2-9 wow fadeInUp\" data-wow-delay=\"200ms\">\r\n\t                <div class=\"team-style01 rounded\">\r\n\t                    <div class=\"image rounded\">\r\n\t                    \t\t                        \t<a href=\"https:\/\/web-systems.pl\/en\/team\/krzysztof-balicki\/\"><img decoding=\"async\" src=\"https:\/\/www.web-systems.pl\/wp-content\/uploads\/2024\/10\/Krzysztof-Balicki.png\" alt=\"Team Image\" class=\"rounded\"><\/a>\r\n\t                        \t                    <\/div>\r\n\t                    <div class=\"text-start bg-light p-4\">\r\n\t                    \t\t                        \t<h3 class=\"mb-1\"><a href=\"https:\/\/web-systems.pl\/en\/team\/krzysztof-balicki\/\">Krzysztof Balicki<\/a><\/h3>\r\n\t                        \r\n\t                        \t                        \t<p class=\"mb-0 small text-primary\">CEO\/CTO\/PM\/<\/p>\r\n\t                        \t                    <\/div>\r\n\t                <\/div>\r\n\t            <\/div>\r\n\r\n            \r\n\t            <div class=\"col-md-6 col-lg-4 mt-2-9 wow fadeInUp\" data-wow-delay=\"300ms\">\r\n\t                <div class=\"team-style01 rounded\">\r\n\t                    <div class=\"image rounded\">\r\n\t                    \t\t                        \t<a href=\"https:\/\/web-systems.pl\/en\/team\/dariusz-lawinski\/\"><img decoding=\"async\" src=\"https:\/\/www.web-systems.pl\/wp-content\/uploads\/2023\/12\/IMG_8373-scaled-1.jpg\" alt=\"Team Image\" class=\"rounded\"><\/a>\r\n\t                        \t                    <\/div>\r\n\t                    <div class=\"text-start bg-light p-4\">\r\n\t                    \t\t                        \t<h3 class=\"mb-1\"><a href=\"https:\/\/web-systems.pl\/en\/team\/dariusz-lawinski\/\">Dariusz \u0141awi\u0144ski\n<\/a><\/h3>\r\n\t                        \r\n\t                        \t                        \t<p class=\"mb-0 small text-primary\">FULLSTACK DEVELOPER\n<\/p>\r\n\t                        \t                    <\/div>\r\n\t                <\/div>\r\n\t            <\/div>\r\n\r\n            \r\n\t            <div class=\"col-md-6 col-lg-4 mt-2-9 wow fadeInUp\" data-wow-delay=\"400ms\">\r\n\t                <div class=\"team-style01 rounded\">\r\n\t                    <div class=\"image rounded\">\r\n\t                    \t\t                        \t<a href=\"https:\/\/web-systems.pl\/en\/team\/konrad-wlodarski\/\"><img decoding=\"async\" src=\"https:\/\/www.web-systems.pl\/wp-content\/uploads\/2023\/12\/konrad_wlodarski-scaled-2.jpg\" alt=\"Team Image\" class=\"rounded\"><\/a>\r\n\t                        \t                    <\/div>\r\n\t                    <div class=\"text-start bg-light p-4\">\r\n\t                    \t\t                        \t<h3 class=\"mb-1\"><a href=\"https:\/\/web-systems.pl\/en\/team\/konrad-wlodarski\/\">Konrad W\u0142odarski\n<\/a><\/h3>\r\n\t                        \r\n\t                        \t                        \t<p class=\"mb-0 small text-primary\">FULLSTACK DEVELOPER\n<\/p>\r\n\t                        \t                    <\/div>\r\n\t                <\/div>\r\n\t            <\/div>\r\n\r\n            \r\n\t            <div class=\"col-md-6 col-lg-4 mt-2-9 wow fadeInUp\" data-wow-delay=\"200ms\">\r\n\t                <div class=\"team-style01 rounded\">\r\n\t                    <div class=\"image rounded\">\r\n\t                    \t\t                        \t<a href=\"https:\/\/web-systems.pl\/en\/team\/arkadiusz-domrat\/\"><img decoding=\"async\" src=\"https:\/\/www.web-systems.pl\/wp-content\/uploads\/2023\/12\/arkadiusz_domrat-1.jpg\" alt=\"Team Image\" class=\"rounded\"><\/a>\r\n\t                        \t                    <\/div>\r\n\t                    <div class=\"text-start bg-light p-4\">\r\n\t                    \t\t                        \t<h3 class=\"mb-1\"><a href=\"https:\/\/web-systems.pl\/en\/team\/arkadiusz-domrat\/\">Arkadiusz Domrat\n<\/a><\/h3>\r\n\t                        \r\n\t                        \t                        \t<p class=\"mb-0 small text-primary\">BACKEND DEVELOPER\n<\/p>\r\n\t                        \t                    <\/div>\r\n\t                <\/div>\r\n\t            <\/div>\r\n\r\n            \r\n\t            <div class=\"col-md-6 col-lg-4 mt-2-9 wow fadeInUp\" data-wow-delay=\"300ms\">\r\n\t                <div class=\"team-style01 rounded\">\r\n\t                    <div class=\"image rounded\">\r\n\t                    \t\t                        \t<a href=\"https:\/\/web-systems.pl\/en\/team\/kamil-karasiewicz\/\"><img decoding=\"async\" src=\"https:\/\/www.web-systems.pl\/wp-content\/uploads\/2023\/12\/kamil-karasiewicz-1-e1710169856831.jpg\" alt=\"Team Image\" class=\"rounded\"><\/a>\r\n\t                        \t                    <\/div>\r\n\t                    <div class=\"text-start bg-light p-4\">\r\n\t                    \t\t                        \t<h3 class=\"mb-1\"><a href=\"https:\/\/web-systems.pl\/en\/team\/kamil-karasiewicz\/\">Kamil Karasiewicz<\/a><\/h3>\r\n\t                        \r\n\t                        \t                        \t<p class=\"mb-0 small text-primary\">FULLSTACK DEVELOPER<\/p>\r\n\t                        \t                    <\/div>\r\n\t                <\/div>\r\n\t            <\/div>\r\n\r\n            \r\n\t            <div class=\"col-md-6 col-lg-4 mt-2-9 wow fadeInUp\" data-wow-delay=\"300ms\">\r\n\t                <div class=\"team-style01 rounded\">\r\n\t                    <div class=\"image rounded\">\r\n\t                    \t\t                        \t<a href=\"https:\/\/www.web-systems.pl\/en\/team\/aleksandr-kudriakov\/\"><img decoding=\"async\" src=\"https:\/\/www.web-systems.pl\/wp-content\/uploads\/2024\/03\/alex_-1-e1710169530999.webp\" alt=\"Team Image\" class=\"rounded\"><\/a>\r\n\t                        \t                    <\/div>\r\n\t                    <div class=\"text-start bg-light p-4\">\r\n\t                    \t\t                        \t<h3 class=\"mb-1\"><a href=\"https:\/\/www.web-systems.pl\/en\/team\/aleksandr-kudriakov\/\">Alexandr Kudriakov<\/a><\/h3>\r\n\t                        \r\n\t                        \t                        \t<p class=\"mb-0 small text-primary\">FRONTEND DEVELOPER<\/p>\r\n\t                        \t                    <\/div>\r\n\t                <\/div>\r\n\t            <\/div>\r\n\r\n            \r\n        <\/div>\r\n\t   \r\n\t\t\t\t\t<\/div>\n\t\t\t\t<\/div>\n\t\t\t\t<\/div>\n\t\t\t\t\t<\/div>\n\t\t\t\t<\/div>\n\t\t\t\t<\/div>\n\t\t","protected":false},"excerpt":{"rendered":"<p>Home Team Krzysztof Balicki CEO\/CTO\/PM\/ Dariusz \u0141awi\u0144ski FULLSTACK DEVELOPER Konrad W\u0142odarski FULLSTACK DEVELOPER Arkadiusz Domrat BACKEND DEVELOPER Kamil Karasiewicz FULLSTACK DEVELOPER Alexandr Kudriakov FRONTEND DEVELOPER<\/p>\n","protected":false},"author":1,"featured_media":22341,"parent":0,"menu_order":0,"comment_status":"closed","ping_status":"closed","template":"elementor_header_footer","meta":{"_acf_changed":false,"footnotes":""},"class_list":["post-23136","page","type-page","status-publish","has-post-thumbnail","hentry"],"acf":[],"_links":{"self":[{"href":"https:\/\/www.web-systems.pl\/en\/wp-json\/wp\/v2\/pages\/23136","targetHints":{"allow":["GET"]}}],"collection":[{"href":"https:\/\/www.web-systems.pl\/en\/wp-json\/wp\/v2\/pages"}],"about":[{"href":"https:\/\/www.web-systems.pl\/en\/wp-json\/wp\/v2\/types\/page"}],"author":[{"embeddable":true,"href":"https:\/\/www.web-systems.pl\/en\/wp-json\/wp\/v2\/users\/1"}],"replies":[{"embeddable":true,"href":"https:\/\/www.web-systems.pl\/en\/wp-json\/wp\/v2\/comments?post=23136"}],"version-history":[{"count":33,"href":"https:\/\/www.web-systems.pl\/en\/wp-json\/wp\/v2\/pages\/23136\/revisions"}],"predecessor-version":[{"id":27244,"href":"https:\/\/www.web-systems.pl\/en\/wp-json\/wp\/v2\/pages\/23136\/revisions\/27244"}],"wp:featuredmedia":[{"embeddable":true,"href":"https:\/\/www.web-systems.pl\/en\/wp-json\/wp\/v2\/media\/22341"}],"wp:attachment":[{"href":"https:\/\/www.web-systems.pl\/en\/wp-json\/wp\/v2\/media?parent=23136"}],"curies":[{"name":"wp","href":"https:\/\/api.w.org\/{rel}","templated":true}]}}